{"id":997,"date":"2025-09-17T12:47:37","date_gmt":"2025-09-17T10:47:37","guid":{"rendered":"https:\/\/pinatourskenya.com\/?page_id=997"},"modified":"2025-09-25T10:40:20","modified_gmt":"2025-09-25T08:40:20","slug":"tsavo-west","status":"publish","type":"page","link":"https:\/\/pinatourskenya.com\/index.php\/tsavo-west\/","title":{"rendered":"Tsavo west"},"content":{"rendered":"\n<h1 class=\"wp-block-heading has-text-align-center\"><mark style=\"background-color:rgba(0, 0, 0, 0);color:#87705d\" class=\"has-inline-color\">Tsavo west<\/mark><\/h1>\n\n\n\n<p>II&nbsp;<em>Parco Nazionale dello Tsavo Ovest<\/em>&nbsp;\u00e8 particolarmente noto per i suoi abbondanti branchi di&nbsp;<strong>bufali<\/strong>&nbsp;e di&nbsp;<strong>elefanti<\/strong>. Questi ultimi spesso presentano un mantello dal colore che varia dal rosa al rosso cupo. Questa caratteristica \u00e8 conferita dalla terra rossa del suolo della quale si ricoprono come protezione anti-parassitaria. Oltre agli elefanti, altre specie di mammiferi abitano l\u2019estesa riserva: zebre, kudu minore, alcelafi, giraffe Masai, gazzelle di Grant, antilopi d\u2019acqua, orici, facoceri, antilopi giraffa, e ancora tassi del miele, otocioni, manguste, civette zibetto, genette.<\/p>\n\n\n\n<figure class=\"wp-block-gallery alignfull has-nested-images columns-4 is-cropped wp-block-gallery-1 is-layout-flex wp-block-gallery-is-layout-flex\">\n<figure data-wp-context=\"{&quot;imageId&quot;:&quot;69e0cd749a00a&quot;}\" data-wp-interactive=\"core\/image\" data-wp-key=\"69e0cd749a00a\" class=\"wp-block-image size-large wp-lightbox-container\"><img loading=\"lazy\" decoding=\"async\" width=\"1024\" height=\"576\" data-wp-class--hide=\"state.isContentHidden\" data-wp-class--show=\"state.isContentVisible\" data-wp-init=\"callbacks.setButtonStyles\" data-wp-on--click=\"actions.showLightbox\" data-wp-on--load=\"callbacks.setButtonStyles\" data-wp-on-window--resize=\"callbacks.setButtonStyles\" data-id=\"1005\" src=\"https:\/\/pinatourskenya.com\/wp-content\/uploads\/2025\/09\/unnamed-1-1-1024x576.webp\" alt=\"\" class=\"wp-image-1005\" srcset=\"https:\/\/pinatourskenya.com\/wp-content\/uploads\/2025\/09\/unnamed-1-1-1024x576.webp 1024w, https:\/\/pinatourskenya.com\/wp-content\/uploads\/2025\/09\/unnamed-1-1-300x169.webp 300w, https:\/\/pinatourskenya.com\/wp-content\/uploads\/2025\/09\/unnamed-1-1-768x432.webp 768w, https:\/\/pinatourskenya.com\/wp-content\/uploads\/2025\/09\/unnamed-1-1.webp 1360w\" sizes=\"auto, (max-width: 1024px) 100vw, 1024px\" \/><button\n\t\t\tclass=\"lightbox-trigger\"\n\t\t\ttype=\"button\"\n\t\t\taria-haspopup=\"dialog\"\n\t\t\taria-label=\"Ingrandisci\"\n\t\t\tdata-wp-init=\"callbacks.initTriggerButton\"\n\t\t\tdata-wp-on--click=\"actions.showLightbox\"\n\t\t\tdata-wp-style--right=\"state.imageButtonRight\"\n\t\t\tdata-wp-style--top=\"state.imageButtonTop\"\n\t\t>\n\t\t\t<svg xmlns=\"http:\/\/www.w3.org\/2000\/svg\" width=\"12\" height=\"12\" fill=\"none\" viewBox=\"0 0 12 12\">\n\t\t\t\t<path fill=\"#fff\" d=\"M2 0a2 2 0 0 0-2 2v2h1.5V2a.5.5 0 0 1 .5-.5h2V0H2Zm2 10.5H2a.5.5 0 0 1-.5-.5V8H0v2a2 2 0 0 0 2 2h2v-1.5ZM8 12v-1.5h2a.5.5 0 0 0 .5-.5V8H12v2a2 2 0 0 1-2 2H8Zm2-12a2 2 0 0 1 2 2v2h-1.5V2a.5.5 0 0 0-.5-.5H8V0h2Z\" \/>\n\t\t\t<\/svg>\n\t\t<\/button><\/figure>\n\n\n\n<figure data-wp-context=\"{&quot;imageId&quot;:&quot;69e0cd74988db&quot;}\" data-wp-interactive=\"core\/image\" data-wp-key=\"69e0cd74988db\" class=\"wp-block-image size-full wp-lightbox-container\"><img loading=\"lazy\" decoding=\"async\" width=\"720\" height=\"960\" data-wp-class--hide=\"state.isContentHidden\" data-wp-class--show=\"state.isContentVisible\" data-wp-init=\"callbacks.setButtonStyles\" data-wp-on--click=\"actions.showLightbox\" data-wp-on--load=\"callbacks.setButtonStyles\" data-wp-on-window--resize=\"callbacks.setButtonStyles\" data-id=\"609\" src=\"https:\/\/pinatourskenya.com\/wp-content\/uploads\/2025\/08\/WhatsApp-Image-2025-08-04-at-19.40.30-1.jpeg\" alt=\"\" class=\"wp-image-609\" srcset=\"https:\/\/pinatourskenya.com\/wp-content\/uploads\/2025\/08\/WhatsApp-Image-2025-08-04-at-19.40.30-1.jpeg 720w, https:\/\/pinatourskenya.com\/wp-content\/uploads\/2025\/08\/WhatsApp-Image-2025-08-04-at-19.40.30-1-225x300.jpeg 225w\" sizes=\"auto, (max-width: 720px) 100vw, 720px\" \/><button\n\t\t\tclass=\"lightbox-trigger\"\n\t\t\ttype=\"button\"\n\t\t\taria-haspopup=\"dialog\"\n\t\t\taria-label=\"Ingrandisci\"\n\t\t\tdata-wp-init=\"callbacks.initTriggerButton\"\n\t\t\tdata-wp-on--click=\"actions.showLightbox\"\n\t\t\tdata-wp-style--right=\"state.imageButtonRight\"\n\t\t\tdata-wp-style--top=\"state.imageButtonTop\"\n\t\t>\n\t\t\t<svg xmlns=\"http:\/\/www.w3.org\/2000\/svg\" width=\"12\" height=\"12\" fill=\"none\" viewBox=\"0 0 12 12\">\n\t\t\t\t<path fill=\"#fff\" d=\"M2 0a2 2 0 0 0-2 2v2h1.5V2a.5.5 0 0 1 .5-.5h2V0H2Zm2 10.5H2a.5.5 0 0 1-.5-.5V8H0v2a2 2 0 0 0 2 2h2v-1.5ZM8 12v-1.5h2a.5.5 0 0 0 .5-.5V8H12v2a2 2 0 0 1-2 2H8Zm2-12a2 2 0 0 1 2 2v2h-1.5V2a.5.5 0 0 0-.5-.5H8V0h2Z\" \/>\n\t\t\t<\/svg>\n\t\t<\/button><\/figure>\n\n\n\n<figure data-wp-context=\"{&quot;imageId&quot;:&quot;69e0cd749a98c&quot;}\" data-wp-interactive=\"core\/image\" data-wp-key=\"69e0cd749a98c\" class=\"wp-block-image size-full wp-lightbox-container\"><img loading=\"lazy\" decoding=\"async\" width=\"1360\" height=\"1020\" data-wp-class--hide=\"state.isContentHidden\" data-wp-class--show=\"state.isContentVisible\" data-wp-init=\"callbacks.setButtonStyles\" data-wp-on--click=\"actions.showLightbox\" data-wp-on--load=\"callbacks.setButtonStyles\" data-wp-on-window--resize=\"callbacks.setButtonStyles\" data-id=\"1008\" src=\"https:\/\/pinatourskenya.com\/wp-content\/uploads\/2025\/09\/unnamed-3-1.webp\" alt=\"\" class=\"wp-image-1008\" srcset=\"https:\/\/pinatourskenya.com\/wp-content\/uploads\/2025\/09\/unnamed-3-1.webp 1360w, https:\/\/pinatourskenya.com\/wp-content\/uploads\/2025\/09\/unnamed-3-1-300x225.webp 300w, https:\/\/pinatourskenya.com\/wp-content\/uploads\/2025\/09\/unnamed-3-1-1024x768.webp 1024w, https:\/\/pinatourskenya.com\/wp-content\/uploads\/2025\/09\/unnamed-3-1-768x576.webp 768w\" sizes=\"auto, (max-width: 1360px) 100vw, 1360px\" \/><button\n\t\t\tclass=\"lightbox-trigger\"\n\t\t\ttype=\"button\"\n\t\t\taria-haspopup=\"dialog\"\n\t\t\taria-label=\"Ingrandisci\"\n\t\t\tdata-wp-init=\"callbacks.initTriggerButton\"\n\t\t\tdata-wp-on--click=\"actions.showLightbox\"\n\t\t\tdata-wp-style--right=\"state.imageButtonRight\"\n\t\t\tdata-wp-style--top=\"state.imageButtonTop\"\n\t\t>\n\t\t\t<svg xmlns=\"http:\/\/www.w3.org\/2000\/svg\" width=\"12\" height=\"12\" fill=\"none\" viewBox=\"0 0 12 12\">\n\t\t\t\t<path fill=\"#fff\" d=\"M2 0a2 2 0 0 0-2 2v2h1.5V2a.5.5 0 0 1 .5-.5h2V0H2Zm2 10.5H2a.5.5 0 0 1-.5-.5V8H0v2a2 2 0 0 0 2 2h2v-1.5ZM8 12v-1.5h2a.5.5 0 0 0 .5-.5V8H12v2a2 2 0 0 1-2 2H8Zm2-12a2 2 0 0 1 2 2v2h-1.5V2a.5.5 0 0 0-.5-.5H8V0h2Z\" \/>\n\t\t\t<\/svg>\n\t\t<\/button><\/figure>\n\n\n\n<figure data-wp-context=\"{&quot;imageId&quot;:&quot;69e0cd74994a8&quot;}\" data-wp-interactive=\"core\/image\" data-wp-key=\"69e0cd74994a8\" class=\"wp-block-image size-full wp-lightbox-container\"><img loading=\"lazy\" decoding=\"async\" width=\"640\" height=\"428\" data-wp-class--hide=\"state.isContentHidden\" data-wp-class--show=\"state.isContentVisible\" data-wp-init=\"callbacks.setButtonStyles\" data-wp-on--click=\"actions.showLightbox\" data-wp-on--load=\"callbacks.setButtonStyles\" data-wp-on-window--resize=\"callbacks.setButtonStyles\" data-id=\"611\" src=\"https:\/\/pinatourskenya.com\/wp-content\/uploads\/2025\/08\/WhatsApp-Image-2025-08-04-at-19.40.32.jpeg\" alt=\"\" class=\"wp-image-611\" srcset=\"https:\/\/pinatourskenya.com\/wp-content\/uploads\/2025\/08\/WhatsApp-Image-2025-08-04-at-19.40.32.jpeg 640w, https:\/\/pinatourskenya.com\/wp-content\/uploads\/2025\/08\/WhatsApp-Image-2025-08-04-at-19.40.32-300x201.jpeg 300w\" sizes=\"auto, (max-width: 640px) 100vw, 640px\" \/><button\n\t\t\tclass=\"lightbox-trigger\"\n\t\t\ttype=\"button\"\n\t\t\taria-haspopup=\"dialog\"\n\t\t\taria-label=\"Ingrandisci\"\n\t\t\tdata-wp-init=\"callbacks.initTriggerButton\"\n\t\t\tdata-wp-on--click=\"actions.showLightbox\"\n\t\t\tdata-wp-style--right=\"state.imageButtonRight\"\n\t\t\tdata-wp-style--top=\"state.imageButtonTop\"\n\t\t>\n\t\t\t<svg xmlns=\"http:\/\/www.w3.org\/2000\/svg\" width=\"12\" height=\"12\" fill=\"none\" viewBox=\"0 0 12 12\">\n\t\t\t\t<path fill=\"#fff\" d=\"M2 0a2 2 0 0 0-2 2v2h1.5V2a.5.5 0 0 1 .5-.5h2V0H2Zm2 10.5H2a.5.5 0 0 1-.5-.5V8H0v2a2 2 0 0 0 2 2h2v-1.5ZM8 12v-1.5h2a.5.5 0 0 0 .5-.5V8H12v2a2 2 0 0 1-2 2H8Zm2-12a2 2 0 0 1 2 2v2h-1.5V2a.5.5 0 0 0-.5-.5H8V0h2Z\" \/>\n\t\t\t<\/svg>\n\t\t<\/button><\/figure>\n\n\n\n<figure data-wp-context=\"{&quot;imageId&quot;:&quot;69e0cd7499116&quot;}\" data-wp-interactive=\"core\/image\" data-wp-key=\"69e0cd7499116\" class=\"wp-block-image size-full wp-lightbox-container\"><img loading=\"lazy\" decoding=\"async\" width=\"867\" height=\"1156\" data-wp-class--hide=\"state.isContentHidden\" data-wp-class--show=\"state.isContentVisible\" data-wp-init=\"callbacks.setButtonStyles\" data-wp-on--click=\"actions.showLightbox\" data-wp-on--load=\"callbacks.setButtonStyles\" data-wp-on-window--resize=\"callbacks.setButtonStyles\" data-id=\"613\" src=\"https:\/\/pinatourskenya.com\/wp-content\/uploads\/2025\/08\/WhatsApp-Image-2025-08-04-at-19.40.30.jpeg\" alt=\"\" class=\"wp-image-613\" srcset=\"https:\/\/pinatourskenya.com\/wp-content\/uploads\/2025\/08\/WhatsApp-Image-2025-08-04-at-19.40.30.jpeg 867w, https:\/\/pinatourskenya.com\/wp-content\/uploads\/2025\/08\/WhatsApp-Image-2025-08-04-at-19.40.30-225x300.jpeg 225w, https:\/\/pinatourskenya.com\/wp-content\/uploads\/2025\/08\/WhatsApp-Image-2025-08-04-at-19.40.30-768x1024.jpeg 768w\" sizes=\"auto, (max-width: 867px) 100vw, 867px\" \/><button\n\t\t\tclass=\"lightbox-trigger\"\n\t\t\ttype=\"button\"\n\t\t\taria-haspopup=\"dialog\"\n\t\t\taria-label=\"Ingrandisci\"\n\t\t\tdata-wp-init=\"callbacks.initTriggerButton\"\n\t\t\tdata-wp-on--click=\"actions.showLightbox\"\n\t\t\tdata-wp-style--right=\"state.imageButtonRight\"\n\t\t\tdata-wp-style--top=\"state.imageButtonTop\"\n\t\t>\n\t\t\t<svg xmlns=\"http:\/\/www.w3.org\/2000\/svg\" width=\"12\" height=\"12\" fill=\"none\" viewBox=\"0 0 12 12\">\n\t\t\t\t<path fill=\"#fff\" d=\"M2 0a2 2 0 0 0-2 2v2h1.5V2a.5.5 0 0 1 .5-.5h2V0H2Zm2 10.5H2a.5.5 0 0 1-.5-.5V8H0v2a2 2 0 0 0 2 2h2v-1.5ZM8 12v-1.5h2a.5.5 0 0 0 .5-.5V8H12v2a2 2 0 0 1-2 2H8Zm2-12a2 2 0 0 1 2 2v2h-1.5V2a.5.5 0 0 0-.5-.5H8V0h2Z\" \/>\n\t\t\t<\/svg>\n\t\t<\/button><\/figure>\n\n\n\n<figure data-wp-context=\"{&quot;imageId&quot;:&quot;69e0cd7499c51&quot;}\" data-wp-interactive=\"core\/image\" data-wp-key=\"69e0cd7499c51\" class=\"wp-block-image size-large wp-lightbox-container\"><img loading=\"lazy\" decoding=\"async\" width=\"1024\" height=\"768\" data-wp-class--hide=\"state.isContentHidden\" data-wp-class--show=\"state.isContentVisible\" data-wp-init=\"callbacks.setButtonStyles\" data-wp-on--click=\"actions.showLightbox\" data-wp-on--load=\"callbacks.setButtonStyles\" data-wp-on-window--resize=\"callbacks.setButtonStyles\" data-id=\"1007\" src=\"https:\/\/pinatourskenya.com\/wp-content\/uploads\/2025\/09\/bufali-1024x768.webp\" alt=\"\" class=\"wp-image-1007\" srcset=\"https:\/\/pinatourskenya.com\/wp-content\/uploads\/2025\/09\/bufali-1024x768.webp 1024w, https:\/\/pinatourskenya.com\/wp-content\/uploads\/2025\/09\/bufali-300x225.webp 300w, https:\/\/pinatourskenya.com\/wp-content\/uploads\/2025\/09\/bufali-768x576.webp 768w, https:\/\/pinatourskenya.com\/wp-content\/uploads\/2025\/09\/bufali.webp 1360w\" sizes=\"auto, (max-width: 1024px) 100vw, 1024px\" \/><button\n\t\t\tclass=\"lightbox-trigger\"\n\t\t\ttype=\"button\"\n\t\t\taria-haspopup=\"dialog\"\n\t\t\taria-label=\"Ingrandisci\"\n\t\t\tdata-wp-init=\"callbacks.initTriggerButton\"\n\t\t\tdata-wp-on--click=\"actions.showLightbox\"\n\t\t\tdata-wp-style--right=\"state.imageButtonRight\"\n\t\t\tdata-wp-style--top=\"state.imageButtonTop\"\n\t\t>\n\t\t\t<svg xmlns=\"http:\/\/www.w3.org\/2000\/svg\" width=\"12\" height=\"12\" fill=\"none\" viewBox=\"0 0 12 12\">\n\t\t\t\t<path fill=\"#fff\" d=\"M2 0a2 2 0 0 0-2 2v2h1.5V2a.5.5 0 0 1 .5-.5h2V0H2Zm2 10.5H2a.5.5 0 0 1-.5-.5V8H0v2a2 2 0 0 0 2 2h2v-1.5ZM8 12v-1.5h2a.5.5 0 0 0 .5-.5V8H12v2a2 2 0 0 1-2 2H8Zm2-12a2 2 0 0 1 2 2v2h-1.5V2a.5.5 0 0 0-.5-.5H8V0h2Z\" \/>\n\t\t\t<\/svg>\n\t\t<\/button><\/figure>\n\n\n\n<figure data-wp-context=\"{&quot;imageId&quot;:&quot;69e0cd7498d6f&quot;}\" data-wp-interactive=\"core\/image\" data-wp-key=\"69e0cd7498d6f\" class=\"wp-block-image size-full wp-lightbox-container\"><img loading=\"lazy\" decoding=\"async\" width=\"720\" height=\"1076\" data-wp-class--hide=\"state.isContentHidden\" data-wp-class--show=\"state.isContentVisible\" data-wp-init=\"callbacks.setButtonStyles\" data-wp-on--click=\"actions.showLightbox\" data-wp-on--load=\"callbacks.setButtonStyles\" data-wp-on-window--resize=\"callbacks.setButtonStyles\" data-id=\"612\" src=\"https:\/\/pinatourskenya.com\/wp-content\/uploads\/2025\/08\/WhatsApp-Image-2025-08-04-at-19.40.30-2.jpeg\" alt=\"\" class=\"wp-image-612\" srcset=\"https:\/\/pinatourskenya.com\/wp-content\/uploads\/2025\/08\/WhatsApp-Image-2025-08-04-at-19.40.30-2.jpeg 720w, https:\/\/pinatourskenya.com\/wp-content\/uploads\/2025\/08\/WhatsApp-Image-2025-08-04-at-19.40.30-2-201x300.jpeg 201w, https:\/\/pinatourskenya.com\/wp-content\/uploads\/2025\/08\/WhatsApp-Image-2025-08-04-at-19.40.30-2-685x1024.jpeg 685w\" sizes=\"auto, (max-width: 720px) 100vw, 720px\" \/><button\n\t\t\tclass=\"lightbox-trigger\"\n\t\t\ttype=\"button\"\n\t\t\taria-haspopup=\"dialog\"\n\t\t\taria-label=\"Ingrandisci\"\n\t\t\tdata-wp-init=\"callbacks.initTriggerButton\"\n\t\t\tdata-wp-on--click=\"actions.showLightbox\"\n\t\t\tdata-wp-style--right=\"state.imageButtonRight\"\n\t\t\tdata-wp-style--top=\"state.imageButtonTop\"\n\t\t>\n\t\t\t<svg xmlns=\"http:\/\/www.w3.org\/2000\/svg\" width=\"12\" height=\"12\" fill=\"none\" viewBox=\"0 0 12 12\">\n\t\t\t\t<path fill=\"#fff\" d=\"M2 0a2 2 0 0 0-2 2v2h1.5V2a.5.5 0 0 1 .5-.5h2V0H2Zm2 10.5H2a.5.5 0 0 1-.5-.5V8H0v2a2 2 0 0 0 2 2h2v-1.5ZM8 12v-1.5h2a.5.5 0 0 0 .5-.5V8H12v2a2 2 0 0 1-2 2H8Zm2-12a2 2 0 0 1 2 2v2h-1.5V2a.5.5 0 0 0-.5-.5H8V0h2Z\" \/>\n\t\t\t<\/svg>\n\t\t<\/button><\/figure>\n\n\n\n<figure data-wp-context=\"{&quot;imageId&quot;:&quot;69e0cd74998b7&quot;}\" data-wp-interactive=\"core\/image\" data-wp-key=\"69e0cd74998b7\" class=\"wp-block-image size-full wp-lightbox-container\"><img loading=\"lazy\" decoding=\"async\" width=\"720\" height=\"960\" data-wp-class--hide=\"state.isContentHidden\" data-wp-class--show=\"state.isContentVisible\" data-wp-init=\"callbacks.setButtonStyles\" data-wp-on--click=\"actions.showLightbox\" data-wp-on--load=\"callbacks.setButtonStyles\" data-wp-on-window--resize=\"callbacks.setButtonStyles\" data-id=\"616\" src=\"https:\/\/pinatourskenya.com\/wp-content\/uploads\/2025\/08\/WhatsApp-Image-2025-08-04-at-19.56.12.jpeg\" alt=\"\" class=\"wp-image-616\" srcset=\"https:\/\/pinatourskenya.com\/wp-content\/uploads\/2025\/08\/WhatsApp-Image-2025-08-04-at-19.56.12.jpeg 720w, https:\/\/pinatourskenya.com\/wp-content\/uploads\/2025\/08\/WhatsApp-Image-2025-08-04-at-19.56.12-225x300.jpeg 225w\" sizes=\"auto, (max-width: 720px) 100vw, 720px\" \/><button\n\t\t\tclass=\"lightbox-trigger\"\n\t\t\ttype=\"button\"\n\t\t\taria-haspopup=\"dialog\"\n\t\t\taria-label=\"Ingrandisci\"\n\t\t\tdata-wp-init=\"callbacks.initTriggerButton\"\n\t\t\tdata-wp-on--click=\"actions.showLightbox\"\n\t\t\tdata-wp-style--right=\"state.imageButtonRight\"\n\t\t\tdata-wp-style--top=\"state.imageButtonTop\"\n\t\t>\n\t\t\t<svg xmlns=\"http:\/\/www.w3.org\/2000\/svg\" width=\"12\" height=\"12\" fill=\"none\" viewBox=\"0 0 12 12\">\n\t\t\t\t<path fill=\"#fff\" d=\"M2 0a2 2 0 0 0-2 2v2h1.5V2a.5.5 0 0 1 .5-.5h2V0H2Zm2 10.5H2a.5.5 0 0 1-.5-.5V8H0v2a2 2 0 0 0 2 2h2v-1.5ZM8 12v-1.5h2a.5.5 0 0 0 .5-.5V8H12v2a2 2 0 0 1-2 2H8Zm2-12a2 2 0 0 1 2 2v2h-1.5V2a.5.5 0 0 0-.5-.5H8V0h2Z\" \/>\n\t\t\t<\/svg>\n\t\t<\/button><\/figure>\n\n\n\n<figure data-wp-context=\"{&quot;imageId&quot;:&quot;69e0cd749a46a&quot;}\" data-wp-interactive=\"core\/image\" data-wp-key=\"69e0cd749a46a\" class=\"wp-block-image size-large wp-lightbox-container\"><img loading=\"lazy\" decoding=\"async\" width=\"1024\" height=\"768\" data-wp-class--hide=\"state.isContentHidden\" data-wp-class--show=\"state.isContentVisible\" data-wp-init=\"callbacks.setButtonStyles\" data-wp-on--click=\"actions.showLightbox\" data-wp-on--load=\"callbacks.setButtonStyles\" data-wp-on-window--resize=\"callbacks.setButtonStyles\" data-id=\"1009\" src=\"https:\/\/pinatourskenya.com\/wp-content\/uploads\/2025\/09\/unnamed-2-1-1024x768.webp\" alt=\"\" class=\"wp-image-1009\" srcset=\"https:\/\/pinatourskenya.com\/wp-content\/uploads\/2025\/09\/unnamed-2-1-1024x768.webp 1024w, https:\/\/pinatourskenya.com\/wp-content\/uploads\/2025\/09\/unnamed-2-1-300x225.webp 300w, https:\/\/pinatourskenya.com\/wp-content\/uploads\/2025\/09\/unnamed-2-1-768x576.webp 768w, https:\/\/pinatourskenya.com\/wp-content\/uploads\/2025\/09\/unnamed-2-1.webp 1360w\" sizes=\"auto, (max-width: 1024px) 100vw, 1024px\" \/><button\n\t\t\tclass=\"lightbox-trigger\"\n\t\t\ttype=\"button\"\n\t\t\taria-haspopup=\"dialog\"\n\t\t\taria-label=\"Ingrandisci\"\n\t\t\tdata-wp-init=\"callbacks.initTriggerButton\"\n\t\t\tdata-wp-on--click=\"actions.showLightbox\"\n\t\t\tdata-wp-style--right=\"state.imageButtonRight\"\n\t\t\tdata-wp-style--top=\"state.imageButtonTop\"\n\t\t>\n\t\t\t<svg xmlns=\"http:\/\/www.w3.org\/2000\/svg\" width=\"12\" height=\"12\" fill=\"none\" viewBox=\"0 0 12 12\">\n\t\t\t\t<path fill=\"#fff\" d=\"M2 0a2 2 0 0 0-2 2v2h1.5V2a.5.5 0 0 1 .5-.5h2V0H2Zm2 10.5H2a.5.5 0 0 1-.5-.5V8H0v2a2 2 0 0 0 2 2h2v-1.5ZM8 12v-1.5h2a.5.5 0 0 0 .5-.5V8H12v2a2 2 0 0 1-2 2H8Zm2-12a2 2 0 0 1 2 2v2h-1.5V2a.5.5 0 0 0-.5-.5H8V0h2Z\" \/>\n\t\t\t<\/svg>\n\t\t<\/button><\/figure>\n\n\n\n<figure data-wp-context=\"{&quot;imageId&quot;:&quot;69e0cd749addb&quot;}\" data-wp-interactive=\"core\/image\" data-wp-key=\"69e0cd749addb\" class=\"wp-block-image size-full wp-lightbox-container\"><img loading=\"lazy\" decoding=\"async\" width=\"1360\" height=\"1020\" data-wp-class--hide=\"state.isContentHidden\" data-wp-class--show=\"state.isContentVisible\" data-wp-init=\"callbacks.setButtonStyles\" data-wp-on--click=\"actions.showLightbox\" data-wp-on--load=\"callbacks.setButtonStyles\" data-wp-on-window--resize=\"callbacks.setButtonStyles\" data-id=\"1006\" src=\"https:\/\/pinatourskenya.com\/wp-content\/uploads\/2025\/09\/unnamed-7.webp\" alt=\"\" class=\"wp-image-1006\" srcset=\"https:\/\/pinatourskenya.com\/wp-content\/uploads\/2025\/09\/unnamed-7.webp 1360w, https:\/\/pinatourskenya.com\/wp-content\/uploads\/2025\/09\/unnamed-7-300x225.webp 300w, https:\/\/pinatourskenya.com\/wp-content\/uploads\/2025\/09\/unnamed-7-1024x768.webp 1024w, https:\/\/pinatourskenya.com\/wp-content\/uploads\/2025\/09\/unnamed-7-768x576.webp 768w\" sizes=\"auto, (max-width: 1360px) 100vw, 1360px\" \/><button\n\t\t\tclass=\"lightbox-trigger\"\n\t\t\ttype=\"button\"\n\t\t\taria-haspopup=\"dialog\"\n\t\t\taria-label=\"Ingrandisci\"\n\t\t\tdata-wp-init=\"callbacks.initTriggerButton\"\n\t\t\tdata-wp-on--click=\"actions.showLightbox\"\n\t\t\tdata-wp-style--right=\"state.imageButtonRight\"\n\t\t\tdata-wp-style--top=\"state.imageButtonTop\"\n\t\t>\n\t\t\t<svg xmlns=\"http:\/\/www.w3.org\/2000\/svg\" width=\"12\" height=\"12\" fill=\"none\" viewBox=\"0 0 12 12\">\n\t\t\t\t<path fill=\"#fff\" d=\"M2 0a2 2 0 0 0-2 2v2h1.5V2a.5.5 0 0 1 .5-.5h2V0H2Zm2 10.5H2a.5.5 0 0 1-.5-.5V8H0v2a2 2 0 0 0 2 2h2v-1.5ZM8 12v-1.5h2a.5.5 0 0 0 .5-.5V8H12v2a2 2 0 0 1-2 2H8Zm2-12a2 2 0 0 1 2 2v2h-1.5V2a.5.5 0 0 0-.5-.5H8V0h2Z\" \/>\n\t\t\t<\/svg>\n\t\t<\/button><\/figure>\n<\/figure>\n\n\n\n<p>Tra i predatori abbiamo:<strong>&nbsp;leoni<\/strong>,&nbsp;<strong>leopardi<\/strong>,&nbsp;<strong>ghepardi<\/strong>, serval, sciacalli, caracal,<strong>&nbsp;iene<\/strong>&nbsp;striate; mentre i&nbsp;<strong>rinoceronti neri<\/strong>, un tempo molto numerosi, sono ora molto rari. Ricca e variegata \u00e8 anche l\u2019<strong>avifauna<\/strong>&nbsp;di Tsavo che conta pi\u00f9 di&nbsp;<strong>500 specie<\/strong>. Molto numerosi sono i tessitori testabianca e gli storni, tra cui il raro storno di Fischer, ma anche otarde, buceri, martin pescatori, aironi golia guarda buoi, cicogne, ghiandaie, struzzi della Somalia. Tra i rapaci presenti, molte acquile urlatrici, serpentari, lanari, gheppi, nibbi dei pipistrelli, avvoltoi, gufi e civette. Pi\u00f9 rari, invece, il falco fuligginoso, il lodolaio africano, il falco delle Taita, il falco collorosso, l\u2019aquila anatraia minore e l\u2019aquila di Verreaux. I rettili sono ben rappresentati da coccodrilli, mamba comune, cobra egiziano, cobra dal collo nero, vipera soffiante, pitone e diverse specie di lucertole e agame.&nbsp;<\/p>\n\n\n\n\n\n\n\n<p>\ud83c\udf0d <strong>Il Parco Nazionale di Tsavo Ovest<\/strong> \u00e8 uno dei due parchi che compongono l\u2019immenso Tsavo (l\u2019altro \u00e8 Tsavo Est) e si trova nel sud-est del Kenya. \u00c8 uno dei parchi pi\u00f9 grandi e pi\u00f9 scenografici del Paese, con una superficie di circa <strong>9.000 km\u00b2<\/strong>.<\/p>\n\n\n\n<hr class=\"wp-block-separator has-alpha-channel-opacity\"\/>\n\n\n\n<h3 class=\"wp-block-heading\">\ud83d\udccd <strong>Posizione<\/strong><\/h3>\n\n\n\n<ul class=\"wp-block-list\">\n<li>Situato tra <strong>Nairobi<\/strong> e <strong>Mombasa<\/strong>, facilmente raggiungibile sia via strada sia in treno (linea ferroviaria Mombasa\u2013Nairobi).<\/li>\n\n\n\n<li>Confina con Tsavo Est a est e con le Taita Hills a sud.<\/li>\n<\/ul>\n\n\n\n<hr class=\"wp-block-separator has-alpha-channel-opacity\"\/>\n\n\n\n<h3 class=\"wp-block-heading\">\ud83c\udf3f <strong>Paesaggio<\/strong><\/h3>\n\n\n\n<p>Tsavo Ovest \u00e8 pi\u00f9 verde e montuoso rispetto a Tsavo Est.<br>Troverai:<\/p>\n\n\n\n<ul class=\"wp-block-list\">\n<li><strong>Colline vulcaniche<\/strong> e terreni ondulati.<\/li>\n\n\n\n<li><strong>Foreste di acacia<\/strong> e bush savana.<\/li>\n\n\n\n<li><strong>Sorgenti naturali<\/strong>, come le <strong>Mzima Springs<\/strong> \u2013 famose per l\u2019acqua cristallina e i punti di osservazione subacquea dove si vedono ippopotami e coccodrilli.<\/li>\n\n\n\n<li><strong>Scenari di lava solidificata<\/strong>, specialmente intorno al <strong>Chyulu Hills<\/strong> e al vulcano <strong>Shetani Lava Flow<\/strong>, che sembra un mare di roccia nera.<\/li>\n<\/ul>\n\n\n\n<hr class=\"wp-block-separator has-alpha-channel-opacity\"\/>\n\n\n\n<h3 class=\"wp-block-heading\">\ud83e\udd81 <strong>Fauna<\/strong><\/h3>\n\n\n\n<p>La fauna \u00e8 molto ricca, e il parco \u00e8 noto per:<\/p>\n\n\n\n<ul class=\"wp-block-list\">\n<li><strong>Big Five<\/strong>: elefanti (spesso ricoperti di polvere rossa), leoni, bufali, leopardi, rinoceronti (specialmente nella <strong>Ngulia Rhino Sanctuary<\/strong>).<\/li>\n\n\n\n<li>Giraffe, zebre, antilopi, gazzelle.<\/li>\n\n\n\n<li>Ippopotami e coccodrilli nelle sorgenti.<\/li>\n\n\n\n<li>Oltre <strong>600 specie di uccelli<\/strong>, rendendolo ideale per il birdwatching.<\/li>\n<\/ul>\n\n\n\n<hr class=\"wp-block-separator has-alpha-channel-opacity\"\/>\n\n\n\n<h3 class=\"wp-block-heading\">\ud83c\udfde\ufe0f <strong>Punti di Interesse Principali<\/strong><\/h3>\n\n\n\n<ul class=\"wp-block-list\">\n<li><strong>Mzima Springs<\/strong> \u2013 sorgenti cristalline con passerella e osservatorio subacqueo.<\/li>\n\n\n\n<li><strong>Ngulia Rhino Sanctuary<\/strong> \u2013 area protetta per vedere i rari rinoceronti neri.<\/li>\n\n\n\n<li><strong>Shetani Lava Flow<\/strong> \u2013 spettacolari campi di lava nera.<\/li>\n\n\n\n<li><strong>Poacher\u2019s Lookout<\/strong> \u2013 punto panoramico per osservare la savana.<\/li>\n\n\n\n<li><strong>Chaimu Crater<\/strong> \u2013 cratere vulcanico con vista mozzafiato.<\/li>\n<\/ul>\n\n\n\n<hr class=\"wp-block-separator has-alpha-channel-opacity\"\/>\n\n\n\n<h3 class=\"wp-block-heading\">\ud83c\udf24\ufe0f <strong>Clima e Periodo Migliore<\/strong><\/h3>\n\n\n\n<ul class=\"wp-block-list\">\n<li>Clima <strong>caldo e secco<\/strong> quasi tutto l\u2019anno.<\/li>\n\n\n\n<li>Stagioni migliori: <strong>giugno\u2013ottobre<\/strong> (secco, facile avvistamento animali) e <strong>gennaio\u2013febbraio<\/strong>.<\/li>\n\n\n\n<li>Stagioni piovose: <strong>aprile-maggio<\/strong> e <strong>novembre<\/strong>, quando le strade possono diventare fangose.<\/li>\n<\/ul>\n\n\n\n<hr class=\"wp-block-separator has-alpha-channel-opacity\"\/>\n\n\n\n<div class=\"wp-block-buttons is-content-justification-center is-layout-flex wp-container-core-buttons-is-layout-16018d1d wp-block-buttons-is-layout-flex\">\n<div class=\"wp-block-button\"><a class=\"wp-block-button__link wp-element-button\" href=\"https:\/\/pinatourskenya.com\/index.php\/trip\/tsavo-west\/\">VEDI L&#8217;OFFERTA<\/a><\/div>\n\n\n\n<div class=\"wp-block-button\"><a class=\"wp-block-button__link wp-element-button\" href=\"https:\/\/pinatourskenya.com\/index.php\/contatti\/\">RICHEDI INFO<\/a><\/div>\n<\/div>\n\n\n\n\n","protected":false},"excerpt":{"rendered":"<p>Tsavo west II&nbsp;Parco Nazionale dello Tsavo Ovest&nbsp;\u00e8 particolarmente noto per i suoi abbondanti branchi di&nbsp;bufali&nbsp;e di&nbsp;elefanti. Questi ultimi spesso presentano un mantello dal colore che varia dal rosa al rosso cupo. Questa caratteristica \u00e8 conferita dalla terra rossa del suolo della quale si ricoprono come protezione anti-parassitaria. Oltre agli elefanti, altre specie di mammiferi abitano [&hellip;]<\/p>\n","protected":false},"author":1,"featured_media":0,"parent":0,"menu_order":0,"comment_status":"closed","ping_status":"closed","template":"","meta":{"footnotes":""},"class_list":["post-997","page","type-page","status-publish","hentry","travel-monster-post","no-post-thumbnail","latest_post"],"_links":{"self":[{"href":"https:\/\/pinatourskenya.com\/index.php\/wp-json\/wp\/v2\/pages\/997","targetHints":{"allow":["GET"]}}],"collection":[{"href":"https:\/\/pinatourskenya.com\/index.php\/wp-json\/wp\/v2\/pages"}],"about":[{"href":"https:\/\/pinatourskenya.com\/index.php\/wp-json\/wp\/v2\/types\/page"}],"author":[{"embeddable":true,"href":"https:\/\/pinatourskenya.com\/index.php\/wp-json\/wp\/v2\/users\/1"}],"replies":[{"embeddable":true,"href":"https:\/\/pinatourskenya.com\/index.php\/wp-json\/wp\/v2\/comments?post=997"}],"version-history":[{"count":7,"href":"https:\/\/pinatourskenya.com\/index.php\/wp-json\/wp\/v2\/pages\/997\/revisions"}],"predecessor-version":[{"id":1041,"href":"https:\/\/pinatourskenya.com\/index.php\/wp-json\/wp\/v2\/pages\/997\/revisions\/1041"}],"wp:attachment":[{"href":"https:\/\/pinatourskenya.com\/index.php\/wp-json\/wp\/v2\/media?parent=997"}],"curies":[{"name":"wp","href":"https:\/\/api.w.org\/{rel}","templated":true}]}}