{"id":956,"date":"2025-09-10T16:11:37","date_gmt":"2025-09-10T14:11:37","guid":{"rendered":"https:\/\/pinatourskenya.com\/?page_id=956"},"modified":"2025-09-17T18:00:31","modified_gmt":"2025-09-17T16:00:31","slug":"safarimasai-mara","status":"publish","type":"page","link":"https:\/\/pinatourskenya.com\/index.php\/safarimasai-mara\/","title":{"rendered":"Masai Mara"},"content":{"rendered":"\n<h1 class=\"wp-block-heading has-text-align-center\"><mark style=\"background-color:rgba(0, 0, 0, 0);color:#87705d\" class=\"has-inline-color\">Safari Masai Mara<\/mark><\/h1>\n\n\n\n<p>Il Masai Mara \u00e8 una delle riserve naturali pi\u00f9 famose e straordinarie al mondo, situata nel sud-ovest del Kenya, nella regione del Rift Valley. \u00c8 una zona di grande importanza ecologica, famosa per la sua straordinaria biodiversit\u00e0 e per essere il teatro di uno degli spettacoli naturali pi\u00f9 affascinanti: la&nbsp;<strong>Grande Migrazione<\/strong>.<\/p>\n\n\n\n<figure class=\"wp-block-gallery alignfull has-nested-images columns-2 is-cropped wp-block-gallery-1 is-layout-flex wp-block-gallery-is-layout-flex\">\n<figure data-wp-context=\"{&quot;imageId&quot;:&quot;69e0e10b28a91&quot;}\" data-wp-interactive=\"core\/image\" data-wp-key=\"69e0e10b28a91\" class=\"wp-block-image size-full wp-lightbox-container\"><img loading=\"lazy\" decoding=\"async\" width=\"1360\" height=\"1020\" data-wp-class--hide=\"state.isContentHidden\" data-wp-class--show=\"state.isContentVisible\" data-wp-init=\"callbacks.setButtonStyles\" data-wp-on--click=\"actions.showLightbox\" data-wp-on--load=\"callbacks.setButtonStyles\" data-wp-on-window--resize=\"callbacks.setButtonStyles\" data-id=\"940\" src=\"https:\/\/pinatourskenya.com\/wp-content\/uploads\/2025\/09\/unnamed-4.webp\" alt=\"\" class=\"wp-image-940\" srcset=\"https:\/\/pinatourskenya.com\/wp-content\/uploads\/2025\/09\/unnamed-4.webp 1360w, https:\/\/pinatourskenya.com\/wp-content\/uploads\/2025\/09\/unnamed-4-300x225.webp 300w, https:\/\/pinatourskenya.com\/wp-content\/uploads\/2025\/09\/unnamed-4-1024x768.webp 1024w, https:\/\/pinatourskenya.com\/wp-content\/uploads\/2025\/09\/unnamed-4-768x576.webp 768w\" sizes=\"auto, (max-width: 1360px) 100vw, 1360px\" \/><button\n\t\t\tclass=\"lightbox-trigger\"\n\t\t\ttype=\"button\"\n\t\t\taria-haspopup=\"dialog\"\n\t\t\taria-label=\"Ingrandisci\"\n\t\t\tdata-wp-init=\"callbacks.initTriggerButton\"\n\t\t\tdata-wp-on--click=\"actions.showLightbox\"\n\t\t\tdata-wp-style--right=\"state.imageButtonRight\"\n\t\t\tdata-wp-style--top=\"state.imageButtonTop\"\n\t\t>\n\t\t\t<svg xmlns=\"http:\/\/www.w3.org\/2000\/svg\" width=\"12\" height=\"12\" fill=\"none\" viewBox=\"0 0 12 12\">\n\t\t\t\t<path fill=\"#fff\" d=\"M2 0a2 2 0 0 0-2 2v2h1.5V2a.5.5 0 0 1 .5-.5h2V0H2Zm2 10.5H2a.5.5 0 0 1-.5-.5V8H0v2a2 2 0 0 0 2 2h2v-1.5ZM8 12v-1.5h2a.5.5 0 0 0 .5-.5V8H12v2a2 2 0 0 1-2 2H8Zm2-12a2 2 0 0 1 2 2v2h-1.5V2a.5.5 0 0 0-.5-.5H8V0h2Z\" \/>\n\t\t\t<\/svg>\n\t\t<\/button><\/figure>\n\n\n\n<figure data-wp-context=\"{&quot;imageId&quot;:&quot;69e0e10b28f95&quot;}\" data-wp-interactive=\"core\/image\" data-wp-key=\"69e0e10b28f95\" class=\"wp-block-image size-full wp-lightbox-container\"><img loading=\"lazy\" decoding=\"async\" width=\"1360\" height=\"765\" data-wp-class--hide=\"state.isContentHidden\" data-wp-class--show=\"state.isContentVisible\" data-wp-init=\"callbacks.setButtonStyles\" data-wp-on--click=\"actions.showLightbox\" data-wp-on--load=\"callbacks.setButtonStyles\" data-wp-on-window--resize=\"callbacks.setButtonStyles\" data-id=\"939\" src=\"https:\/\/pinatourskenya.com\/wp-content\/uploads\/2025\/09\/unnamed-5.webp\" alt=\"\" class=\"wp-image-939\" srcset=\"https:\/\/pinatourskenya.com\/wp-content\/uploads\/2025\/09\/unnamed-5.webp 1360w, https:\/\/pinatourskenya.com\/wp-content\/uploads\/2025\/09\/unnamed-5-300x169.webp 300w, https:\/\/pinatourskenya.com\/wp-content\/uploads\/2025\/09\/unnamed-5-1024x576.webp 1024w, https:\/\/pinatourskenya.com\/wp-content\/uploads\/2025\/09\/unnamed-5-768x432.webp 768w\" sizes=\"auto, (max-width: 1360px) 100vw, 1360px\" \/><button\n\t\t\tclass=\"lightbox-trigger\"\n\t\t\ttype=\"button\"\n\t\t\taria-haspopup=\"dialog\"\n\t\t\taria-label=\"Ingrandisci\"\n\t\t\tdata-wp-init=\"callbacks.initTriggerButton\"\n\t\t\tdata-wp-on--click=\"actions.showLightbox\"\n\t\t\tdata-wp-style--right=\"state.imageButtonRight\"\n\t\t\tdata-wp-style--top=\"state.imageButtonTop\"\n\t\t>\n\t\t\t<svg xmlns=\"http:\/\/www.w3.org\/2000\/svg\" width=\"12\" height=\"12\" fill=\"none\" viewBox=\"0 0 12 12\">\n\t\t\t\t<path fill=\"#fff\" d=\"M2 0a2 2 0 0 0-2 2v2h1.5V2a.5.5 0 0 1 .5-.5h2V0H2Zm2 10.5H2a.5.5 0 0 1-.5-.5V8H0v2a2 2 0 0 0 2 2h2v-1.5ZM8 12v-1.5h2a.5.5 0 0 0 .5-.5V8H12v2a2 2 0 0 1-2 2H8Zm2-12a2 2 0 0 1 2 2v2h-1.5V2a.5.5 0 0 0-.5-.5H8V0h2Z\" \/>\n\t\t\t<\/svg>\n\t\t<\/button><\/figure>\n\n\n\n<figure data-wp-context=\"{&quot;imageId&quot;:&quot;69e0e10b29447&quot;}\" data-wp-interactive=\"core\/image\" data-wp-key=\"69e0e10b29447\" class=\"wp-block-image size-full wp-lightbox-container\"><img loading=\"lazy\" decoding=\"async\" width=\"590\" height=\"390\" data-wp-class--hide=\"state.isContentHidden\" data-wp-class--show=\"state.isContentVisible\" data-wp-init=\"callbacks.setButtonStyles\" data-wp-on--click=\"actions.showLightbox\" data-wp-on--load=\"callbacks.setButtonStyles\" data-wp-on-window--resize=\"callbacks.setButtonStyles\" data-id=\"938\" src=\"https:\/\/pinatourskenya.com\/wp-content\/uploads\/2025\/09\/unnamed-3.webp\" alt=\"\" class=\"wp-image-938\" srcset=\"https:\/\/pinatourskenya.com\/wp-content\/uploads\/2025\/09\/unnamed-3.webp 590w, https:\/\/pinatourskenya.com\/wp-content\/uploads\/2025\/09\/unnamed-3-300x198.webp 300w\" sizes=\"auto, (max-width: 590px) 100vw, 590px\" \/><button\n\t\t\tclass=\"lightbox-trigger\"\n\t\t\ttype=\"button\"\n\t\t\taria-haspopup=\"dialog\"\n\t\t\taria-label=\"Ingrandisci\"\n\t\t\tdata-wp-init=\"callbacks.initTriggerButton\"\n\t\t\tdata-wp-on--click=\"actions.showLightbox\"\n\t\t\tdata-wp-style--right=\"state.imageButtonRight\"\n\t\t\tdata-wp-style--top=\"state.imageButtonTop\"\n\t\t>\n\t\t\t<svg xmlns=\"http:\/\/www.w3.org\/2000\/svg\" width=\"12\" height=\"12\" fill=\"none\" viewBox=\"0 0 12 12\">\n\t\t\t\t<path fill=\"#fff\" d=\"M2 0a2 2 0 0 0-2 2v2h1.5V2a.5.5 0 0 1 .5-.5h2V0H2Zm2 10.5H2a.5.5 0 0 1-.5-.5V8H0v2a2 2 0 0 0 2 2h2v-1.5ZM8 12v-1.5h2a.5.5 0 0 0 .5-.5V8H12v2a2 2 0 0 1-2 2H8Zm2-12a2 2 0 0 1 2 2v2h-1.5V2a.5.5 0 0 0-.5-.5H8V0h2Z\" \/>\n\t\t\t<\/svg>\n\t\t<\/button><\/figure>\n\n\n\n<figure data-wp-context=\"{&quot;imageId&quot;:&quot;69e0e10b298ae&quot;}\" data-wp-interactive=\"core\/image\" data-wp-key=\"69e0e10b298ae\" class=\"wp-block-image size-full wp-lightbox-container\"><img loading=\"lazy\" decoding=\"async\" width=\"1360\" height=\"1020\" data-wp-class--hide=\"state.isContentHidden\" data-wp-class--show=\"state.isContentVisible\" data-wp-init=\"callbacks.setButtonStyles\" data-wp-on--click=\"actions.showLightbox\" data-wp-on--load=\"callbacks.setButtonStyles\" data-wp-on-window--resize=\"callbacks.setButtonStyles\" data-id=\"943\" src=\"https:\/\/pinatourskenya.com\/wp-content\/uploads\/2025\/09\/unnamed.webp\" alt=\"\" class=\"wp-image-943\" srcset=\"https:\/\/pinatourskenya.com\/wp-content\/uploads\/2025\/09\/unnamed.webp 1360w, https:\/\/pinatourskenya.com\/wp-content\/uploads\/2025\/09\/unnamed-300x225.webp 300w, https:\/\/pinatourskenya.com\/wp-content\/uploads\/2025\/09\/unnamed-1024x768.webp 1024w, https:\/\/pinatourskenya.com\/wp-content\/uploads\/2025\/09\/unnamed-768x576.webp 768w\" sizes=\"auto, (max-width: 1360px) 100vw, 1360px\" \/><button\n\t\t\tclass=\"lightbox-trigger\"\n\t\t\ttype=\"button\"\n\t\t\taria-haspopup=\"dialog\"\n\t\t\taria-label=\"Ingrandisci\"\n\t\t\tdata-wp-init=\"callbacks.initTriggerButton\"\n\t\t\tdata-wp-on--click=\"actions.showLightbox\"\n\t\t\tdata-wp-style--right=\"state.imageButtonRight\"\n\t\t\tdata-wp-style--top=\"state.imageButtonTop\"\n\t\t>\n\t\t\t<svg xmlns=\"http:\/\/www.w3.org\/2000\/svg\" width=\"12\" height=\"12\" fill=\"none\" viewBox=\"0 0 12 12\">\n\t\t\t\t<path fill=\"#fff\" d=\"M2 0a2 2 0 0 0-2 2v2h1.5V2a.5.5 0 0 1 .5-.5h2V0H2Zm2 10.5H2a.5.5 0 0 1-.5-.5V8H0v2a2 2 0 0 0 2 2h2v-1.5ZM8 12v-1.5h2a.5.5 0 0 0 .5-.5V8H12v2a2 2 0 0 1-2 2H8Zm2-12a2 2 0 0 1 2 2v2h-1.5V2a.5.5 0 0 0-.5-.5H8V0h2Z\" \/>\n\t\t\t<\/svg>\n\t\t<\/button><\/figure>\n\n\n\n<figure data-wp-context=\"{&quot;imageId&quot;:&quot;69e0e10b29d1d&quot;}\" data-wp-interactive=\"core\/image\" data-wp-key=\"69e0e10b29d1d\" class=\"wp-block-image size-full wp-lightbox-container\"><img loading=\"lazy\" decoding=\"async\" width=\"1360\" height=\"1020\" data-wp-class--hide=\"state.isContentHidden\" data-wp-class--show=\"state.isContentVisible\" data-wp-init=\"callbacks.setButtonStyles\" data-wp-on--click=\"actions.showLightbox\" data-wp-on--load=\"callbacks.setButtonStyles\" data-wp-on-window--resize=\"callbacks.setButtonStyles\" data-id=\"942\" src=\"https:\/\/pinatourskenya.com\/wp-content\/uploads\/2025\/09\/unnamed-1.webp\" alt=\"\" class=\"wp-image-942\" srcset=\"https:\/\/pinatourskenya.com\/wp-content\/uploads\/2025\/09\/unnamed-1.webp 1360w, https:\/\/pinatourskenya.com\/wp-content\/uploads\/2025\/09\/unnamed-1-300x225.webp 300w, https:\/\/pinatourskenya.com\/wp-content\/uploads\/2025\/09\/unnamed-1-1024x768.webp 1024w, https:\/\/pinatourskenya.com\/wp-content\/uploads\/2025\/09\/unnamed-1-768x576.webp 768w\" sizes=\"auto, (max-width: 1360px) 100vw, 1360px\" \/><button\n\t\t\tclass=\"lightbox-trigger\"\n\t\t\ttype=\"button\"\n\t\t\taria-haspopup=\"dialog\"\n\t\t\taria-label=\"Ingrandisci\"\n\t\t\tdata-wp-init=\"callbacks.initTriggerButton\"\n\t\t\tdata-wp-on--click=\"actions.showLightbox\"\n\t\t\tdata-wp-style--right=\"state.imageButtonRight\"\n\t\t\tdata-wp-style--top=\"state.imageButtonTop\"\n\t\t>\n\t\t\t<svg xmlns=\"http:\/\/www.w3.org\/2000\/svg\" width=\"12\" height=\"12\" fill=\"none\" viewBox=\"0 0 12 12\">\n\t\t\t\t<path fill=\"#fff\" d=\"M2 0a2 2 0 0 0-2 2v2h1.5V2a.5.5 0 0 1 .5-.5h2V0H2Zm2 10.5H2a.5.5 0 0 1-.5-.5V8H0v2a2 2 0 0 0 2 2h2v-1.5ZM8 12v-1.5h2a.5.5 0 0 0 .5-.5V8H12v2a2 2 0 0 1-2 2H8Zm2-12a2 2 0 0 1 2 2v2h-1.5V2a.5.5 0 0 0-.5-.5H8V0h2Z\" \/>\n\t\t\t<\/svg>\n\t\t<\/button><figcaption class=\"wp-element-caption\">L&#8217;entrata del parco<\/figcaption><\/figure>\n\n\n\n<figure data-wp-context=\"{&quot;imageId&quot;:&quot;69e0e10b2a211&quot;}\" data-wp-interactive=\"core\/image\" data-wp-key=\"69e0e10b2a211\" class=\"wp-block-image size-full wp-lightbox-container\"><img loading=\"lazy\" decoding=\"async\" width=\"2560\" height=\"1709\" data-wp-class--hide=\"state.isContentHidden\" data-wp-class--show=\"state.isContentVisible\" data-wp-init=\"callbacks.setButtonStyles\" data-wp-on--click=\"actions.showLightbox\" data-wp-on--load=\"callbacks.setButtonStyles\" data-wp-on-window--resize=\"callbacks.setButtonStyles\" data-id=\"944\" src=\"https:\/\/pinatourskenya.com\/wp-content\/uploads\/2025\/09\/Connochaetes_taurinus_-Wildebeest_crossing_river_-East_Africa-scaled.jpg\" alt=\"la migrazione degli gnu\" class=\"wp-image-944\" srcset=\"https:\/\/pinatourskenya.com\/wp-content\/uploads\/2025\/09\/Connochaetes_taurinus_-Wildebeest_crossing_river_-East_Africa-scaled.jpg 2560w, https:\/\/pinatourskenya.com\/wp-content\/uploads\/2025\/09\/Connochaetes_taurinus_-Wildebeest_crossing_river_-East_Africa-300x200.jpg 300w, https:\/\/pinatourskenya.com\/wp-content\/uploads\/2025\/09\/Connochaetes_taurinus_-Wildebeest_crossing_river_-East_Africa-1024x684.jpg 1024w, https:\/\/pinatourskenya.com\/wp-content\/uploads\/2025\/09\/Connochaetes_taurinus_-Wildebeest_crossing_river_-East_Africa-768x513.jpg 768w, https:\/\/pinatourskenya.com\/wp-content\/uploads\/2025\/09\/Connochaetes_taurinus_-Wildebeest_crossing_river_-East_Africa-1536x1025.jpg 1536w, https:\/\/pinatourskenya.com\/wp-content\/uploads\/2025\/09\/Connochaetes_taurinus_-Wildebeest_crossing_river_-East_Africa-2048x1367.jpg 2048w\" sizes=\"auto, (max-width: 2560px) 100vw, 2560px\" \/><button\n\t\t\tclass=\"lightbox-trigger\"\n\t\t\ttype=\"button\"\n\t\t\taria-haspopup=\"dialog\"\n\t\t\taria-label=\"Ingrandisci\"\n\t\t\tdata-wp-init=\"callbacks.initTriggerButton\"\n\t\t\tdata-wp-on--click=\"actions.showLightbox\"\n\t\t\tdata-wp-style--right=\"state.imageButtonRight\"\n\t\t\tdata-wp-style--top=\"state.imageButtonTop\"\n\t\t>\n\t\t\t<svg xmlns=\"http:\/\/www.w3.org\/2000\/svg\" width=\"12\" height=\"12\" fill=\"none\" viewBox=\"0 0 12 12\">\n\t\t\t\t<path fill=\"#fff\" d=\"M2 0a2 2 0 0 0-2 2v2h1.5V2a.5.5 0 0 1 .5-.5h2V0H2Zm2 10.5H2a.5.5 0 0 1-.5-.5V8H0v2a2 2 0 0 0 2 2h2v-1.5ZM8 12v-1.5h2a.5.5 0 0 0 .5-.5V8H12v2a2 2 0 0 1-2 2H8Zm2-12a2 2 0 0 1 2 2v2h-1.5V2a.5.5 0 0 0-.5-.5H8V0h2Z\" \/>\n\t\t\t<\/svg>\n\t\t<\/button><figcaption class=\"wp-element-caption\">la migrazione degli gnu<\/figcaption><\/figure>\n\n\n\n<figure data-wp-context=\"{&quot;imageId&quot;:&quot;69e0e10b2a5ec&quot;}\" data-wp-interactive=\"core\/image\" data-wp-key=\"69e0e10b2a5ec\" class=\"wp-block-image size-full wp-lightbox-container\"><img loading=\"lazy\" decoding=\"async\" width=\"720\" height=\"480\" data-wp-class--hide=\"state.isContentHidden\" data-wp-class--show=\"state.isContentVisible\" data-wp-init=\"callbacks.setButtonStyles\" data-wp-on--click=\"actions.showLightbox\" data-wp-on--load=\"callbacks.setButtonStyles\" data-wp-on-window--resize=\"callbacks.setButtonStyles\" data-id=\"937\" src=\"https:\/\/pinatourskenya.com\/wp-content\/uploads\/2025\/09\/unnamed-2.webp\" alt=\"\" class=\"wp-image-937\" srcset=\"https:\/\/pinatourskenya.com\/wp-content\/uploads\/2025\/09\/unnamed-2.webp 720w, https:\/\/pinatourskenya.com\/wp-content\/uploads\/2025\/09\/unnamed-2-300x200.webp 300w\" sizes=\"auto, (max-width: 720px) 100vw, 720px\" \/><button\n\t\t\tclass=\"lightbox-trigger\"\n\t\t\ttype=\"button\"\n\t\t\taria-haspopup=\"dialog\"\n\t\t\taria-label=\"Ingrandisci\"\n\t\t\tdata-wp-init=\"callbacks.initTriggerButton\"\n\t\t\tdata-wp-on--click=\"actions.showLightbox\"\n\t\t\tdata-wp-style--right=\"state.imageButtonRight\"\n\t\t\tdata-wp-style--top=\"state.imageButtonTop\"\n\t\t>\n\t\t\t<svg xmlns=\"http:\/\/www.w3.org\/2000\/svg\" width=\"12\" height=\"12\" fill=\"none\" viewBox=\"0 0 12 12\">\n\t\t\t\t<path fill=\"#fff\" d=\"M2 0a2 2 0 0 0-2 2v2h1.5V2a.5.5 0 0 1 .5-.5h2V0H2Zm2 10.5H2a.5.5 0 0 1-.5-.5V8H0v2a2 2 0 0 0 2 2h2v-1.5ZM8 12v-1.5h2a.5.5 0 0 0 .5-.5V8H12v2a2 2 0 0 1-2 2H8Zm2-12a2 2 0 0 1 2 2v2h-1.5V2a.5.5 0 0 0-.5-.5H8V0h2Z\" \/>\n\t\t\t<\/svg>\n\t\t<\/button><\/figure>\n\n\n\n<figure data-wp-context=\"{&quot;imageId&quot;:&quot;69e0e10b2a97a&quot;}\" data-wp-interactive=\"core\/image\" data-wp-key=\"69e0e10b2a97a\" class=\"wp-block-image size-full wp-lightbox-container\"><img loading=\"lazy\" decoding=\"async\" width=\"1360\" height=\"765\" data-wp-class--hide=\"state.isContentHidden\" data-wp-class--show=\"state.isContentVisible\" data-wp-init=\"callbacks.setButtonStyles\" data-wp-on--click=\"actions.showLightbox\" data-wp-on--load=\"callbacks.setButtonStyles\" data-wp-on-window--resize=\"callbacks.setButtonStyles\" data-id=\"941\" src=\"https:\/\/pinatourskenya.com\/wp-content\/uploads\/2025\/09\/unnamed-6.webp\" alt=\"\" class=\"wp-image-941\" srcset=\"https:\/\/pinatourskenya.com\/wp-content\/uploads\/2025\/09\/unnamed-6.webp 1360w, https:\/\/pinatourskenya.com\/wp-content\/uploads\/2025\/09\/unnamed-6-300x169.webp 300w, https:\/\/pinatourskenya.com\/wp-content\/uploads\/2025\/09\/unnamed-6-1024x576.webp 1024w, https:\/\/pinatourskenya.com\/wp-content\/uploads\/2025\/09\/unnamed-6-768x432.webp 768w\" sizes=\"auto, (max-width: 1360px) 100vw, 1360px\" \/><button\n\t\t\tclass=\"lightbox-trigger\"\n\t\t\ttype=\"button\"\n\t\t\taria-haspopup=\"dialog\"\n\t\t\taria-label=\"Ingrandisci\"\n\t\t\tdata-wp-init=\"callbacks.initTriggerButton\"\n\t\t\tdata-wp-on--click=\"actions.showLightbox\"\n\t\t\tdata-wp-style--right=\"state.imageButtonRight\"\n\t\t\tdata-wp-style--top=\"state.imageButtonTop\"\n\t\t>\n\t\t\t<svg xmlns=\"http:\/\/www.w3.org\/2000\/svg\" width=\"12\" height=\"12\" fill=\"none\" viewBox=\"0 0 12 12\">\n\t\t\t\t<path fill=\"#fff\" d=\"M2 0a2 2 0 0 0-2 2v2h1.5V2a.5.5 0 0 1 .5-.5h2V0H2Zm2 10.5H2a.5.5 0 0 1-.5-.5V8H0v2a2 2 0 0 0 2 2h2v-1.5ZM8 12v-1.5h2a.5.5 0 0 0 .5-.5V8H12v2a2 2 0 0 1-2 2H8Zm2-12a2 2 0 0 1 2 2v2h-1.5V2a.5.5 0 0 0-.5-.5H8V0h2Z\" \/>\n\t\t\t<\/svg>\n\t\t<\/button><\/figure>\n<\/figure>\n\n\n\n<h3 class=\"wp-block-heading\">Caratteristiche principali:<\/h3>\n\n\n\n<ol class=\"wp-block-list\">\n<li><strong>Fauna e Biodiversit\u00e0<\/strong>: Il Masai Mara \u00e8 noto per la sua incredibile fauna selvatica. \u00c8 casa per i \u201cBig Five\u201d (leoni, leopardi, elefanti, bufali e rinoceronti), ma anche per altre specie come zebre, giraffe, gnu, ippopotami e coccodrilli. Inoltre, \u00e8 un paradiso per gli appassionati di birdwatching, con oltre 450 specie di uccelli.<\/li>\n\n\n\n<li><strong>La Grande Migrazione<\/strong>: Ogni anno, milioni di gnu, zebre e altri erbivori si spostano dalla vicina riserva del Serengeti in Tanzania verso il Masai Mara. Questo fenomeno si verifica principalmente tra luglio e ottobre, creando uno spettacolo straordinario che attira turisti da tutto il mondo. Durante la migrazione, gli animali attraversano il fiume Mara, dove coccodrilli e altri predatori li attendono, rendendo la scena ancora pi\u00f9 drammatica.<\/li>\n\n\n\n<li><strong>Cultura Masai<\/strong>: La riserva prende il nome dal popolo Masai, una delle trib\u00f9 pi\u00f9 celebri dell\u2019Africa orientale. I Masai sono pastori tradizionali che hanno vissuto nella regione per secoli e ancora oggi portano avanti le loro tradizioni. Il loro stile di vita \u00e8 strettamente legato alla terra e agli animali, e molti turisti visitano i villaggi Masai per conoscere la loro cultura.<\/li>\n\n\n\n<li><strong>Territorio<\/strong>: Il Masai Mara si estende su circa 1.510 km\u00b2 ed \u00e8 adiacente al Parco Nazionale del Serengeti in Tanzania, creando una continuit\u00e0 ecologica che \u00e8 fondamentale per il movimento degli animali. Il paesaggio \u00e8 vario, con pianure erbose, colline e fiumi, e la vegetazione \u00e8 tipicamente savana, con alberi di acacia sparsi.<\/li>\n\n\n\n<li><strong>Turismo<\/strong>: Il Masai Mara \u00e8 una meta molto popolare per i safari. I turisti possono fare safari a bordo di jeep, ma ci sono anche opzioni per safari a piedi, in mongolfiera o a cavallo. Durante il periodo della migrazione, la zona \u00e8 particolarmente affollata, ma anche fuori stagione offre esperienze uniche di osservazione della fauna.<\/li>\n\n\n\n<li><strong>Conservazione<\/strong>: Nonostante la sua bellezza naturale, la riserva e l\u2019intera regione sono sotto pressione a causa di pratiche agricole, il bracconaggio e i cambiamenti climatici. Tuttavia, ci sono numerosi sforzi di conservazione in corso per proteggere gli animali e l\u2019habitat.<\/li>\n<\/ol>\n\n\n\n<h2 class=\"wp-block-heading\">Come arrivare<\/h2>\n\n\n\n<p>Il parco \u00e8 la continuazione del Serengheti, ed \u00e8 situato sul confine con la Tanzania, contea di Narok.<\/p>\n\n\n\n<p><strong>Da Nairob<\/strong>i: in macchina o jeep<\/p>\n\n\n\n<p><strong>Da Mombasa o Malindi:<\/strong> via aereo fino a Nairobi poi in macchina<\/p>\n\n\n\n<p><iframe src=\"https:\/\/www.google.com\/maps\/embed?pb=!1m18!1m12!1m3!1d8170719.400267452!2d33.089151309262775!3d0.5867909895039631!2m3!1f0!2f0!3f0!3m2!1i1024!2i768!4f13.1!3m3!1m2!1s0x182ce8a64a31fdb1%3A0x296a9587e0c3c410!2sMasai%20Mara!5e0!3m2!1sit!2sit!4v1757515593569!5m2!1sit!2sit\" width=\"400\" height=\"300\" style=\"border:0;\" allowfullscreen=\"\" loading=\"lazy\" referrerpolicy=\"no-referrer-when-downgrade\"><\/iframe> <\/p>\n\n\n\n<h2 class=\"wp-block-heading\">Quando andare<\/h2>\n\n\n\n<p>\u2705 <strong>Luglio \u2013 Ottobre<\/strong> \u2192 <strong>Grande Migrazione<\/strong><\/p>\n\n\n\n<ul class=\"wp-block-list\">\n<li>\u00c8 il periodo pi\u00f9 famoso, perch\u00e9 oltre 1,5 milioni di gnu e zebre attraversano il fiume Mara.<\/li>\n\n\n\n<li>\u00c8 anche l\u2019alta stagione turistica: safari spettacolari, ma prezzi pi\u00f9 alti e lodge spesso pieni (prenota in anticipo!).<\/li>\n<\/ul>\n\n\n\n<p>\u2705 <strong>Gennaio \u2013 Marzo<\/strong> \u2192 <strong>Stagione secca, meno affollata<\/strong><\/p>\n\n\n\n<ul class=\"wp-block-list\">\n<li>Animali facili da avvistare vicino alle pozze d\u2019acqua.<\/li>\n\n\n\n<li>Ottimo per fotografie, cieli limpidi.<\/li>\n\n\n\n<li>Meno turisti rispetto alla stagione della migrazione.<\/li>\n<\/ul>\n\n\n\n<div style=\"height:26px\" aria-hidden=\"true\" class=\"wp-block-spacer\"><\/div>\n\n\n\n<div class=\"wp-block-buttons is-layout-flex wp-block-buttons-is-layout-flex\">\n<div class=\"wp-block-button\"><a class=\"wp-block-button__link has-text-align-center wp-element-button\">RICHIEDI QUOTAZIONE<\/a><\/div>\n<\/div>\n","protected":false},"excerpt":{"rendered":"<p>Safari Masai Mara Il Masai Mara \u00e8 una delle riserve naturali pi\u00f9 famose e straordinarie al mondo, situata nel sud-ovest del Kenya, nella regione del Rift Valley. \u00c8 una zona di grande importanza ecologica, famosa per la sua straordinaria biodiversit\u00e0 e per essere il teatro di uno degli spettacoli naturali pi\u00f9 affascinanti: la&nbsp;Grande Migrazione. Caratteristiche [&hellip;]<\/p>\n","protected":false},"author":1,"featured_media":0,"parent":0,"menu_order":0,"comment_status":"closed","ping_status":"closed","template":"","meta":{"footnotes":""},"class_list":["post-956","page","type-page","status-publish","hentry","travel-monster-post","no-post-thumbnail","latest_post"],"_links":{"self":[{"href":"https:\/\/pinatourskenya.com\/index.php\/wp-json\/wp\/v2\/pages\/956","targetHints":{"allow":["GET"]}}],"collection":[{"href":"https:\/\/pinatourskenya.com\/index.php\/wp-json\/wp\/v2\/pages"}],"about":[{"href":"https:\/\/pinatourskenya.com\/index.php\/wp-json\/wp\/v2\/types\/page"}],"author":[{"embeddable":true,"href":"https:\/\/pinatourskenya.com\/index.php\/wp-json\/wp\/v2\/users\/1"}],"replies":[{"embeddable":true,"href":"https:\/\/pinatourskenya.com\/index.php\/wp-json\/wp\/v2\/comments?post=956"}],"version-history":[{"count":4,"href":"https:\/\/pinatourskenya.com\/index.php\/wp-json\/wp\/v2\/pages\/956\/revisions"}],"predecessor-version":[{"id":1020,"href":"https:\/\/pinatourskenya.com\/index.php\/wp-json\/wp\/v2\/pages\/956\/revisions\/1020"}],"wp:attachment":[{"href":"https:\/\/pinatourskenya.com\/index.php\/wp-json\/wp\/v2\/media?parent=956"}],"curies":[{"name":"wp","href":"https:\/\/api.w.org\/{rel}","templated":true}]}}