{"id":1022,"date":"2025-09-17T18:08:19","date_gmt":"2025-09-17T16:08:19","guid":{"rendered":"https:\/\/pinatourskenya.com\/?page_id=1022"},"modified":"2025-09-26T16:30:53","modified_gmt":"2025-09-26T14:30:53","slug":"taita-hills","status":"publish","type":"page","link":"https:\/\/pinatourskenya.com\/index.php\/taita-hills\/","title":{"rendered":"Taita Hills"},"content":{"rendered":"\n<h1 class=\"wp-block-heading has-text-align-center\"><mark style=\"background-color:rgba(0, 0, 0, 0);color:#87705d\" class=\"has-inline-color\">Taita Hills<\/mark><\/h1>\n\n\n\n<p>Fare un <strong>safari alle Taita Hills<\/strong> \u00e8 un\u2019esperienza diversa rispetto ai classici parchi del Kenya come Amboseli o Masai Mara, perch\u00e9 qui natura, paesaggio montano e cultura locale si intrecciano. \ud83c\udf0d\ud83e\udd93 Taita Hills offre viste panoramiche mozzafiato e infinite pianure di savana, ed \u00e8 meno affollato, offrendo un&#8217;esperienza di safari pi\u00f9 intima e riservata. <br>Durante il safari \u00e8 possibile avvistare grandi mandrie di elefanti che si radunano presso pozze d&#8217;acqua; si possono inoltre vedere leopardi, ghepardi, iene e leoni sia durante i safari diurni che notturni.<\/p>\n\n\n\n<figure class=\"wp-block-gallery alignfull has-nested-images columns-4 is-cropped wp-block-gallery-1 is-layout-flex wp-block-gallery-is-layout-flex\">\n<figure data-wp-context=\"{&quot;imageId&quot;:&quot;69e0ce7fef2f2&quot;}\" data-wp-interactive=\"core\/image\" data-wp-key=\"69e0ce7fef2f2\" class=\"wp-block-image size-full wp-lightbox-container\"><img loading=\"lazy\" decoding=\"async\" width=\"1200\" height=\"1600\" data-wp-class--hide=\"state.isContentHidden\" data-wp-class--show=\"state.isContentVisible\" data-wp-init=\"callbacks.setButtonStyles\" data-wp-on--click=\"actions.showLightbox\" data-wp-on--load=\"callbacks.setButtonStyles\" data-wp-on-window--resize=\"callbacks.setButtonStyles\" data-id=\"225\" src=\"https:\/\/pinatourskenya.com\/wp-content\/uploads\/2025\/07\/IMG-20250716-WA0050-1.jpg\" alt=\"\" class=\"wp-image-225\" srcset=\"https:\/\/pinatourskenya.com\/wp-content\/uploads\/2025\/07\/IMG-20250716-WA0050-1.jpg 1200w, https:\/\/pinatourskenya.com\/wp-content\/uploads\/2025\/07\/IMG-20250716-WA0050-1-225x300.jpg 225w, https:\/\/pinatourskenya.com\/wp-content\/uploads\/2025\/07\/IMG-20250716-WA0050-1-768x1024.jpg 768w, https:\/\/pinatourskenya.com\/wp-content\/uploads\/2025\/07\/IMG-20250716-WA0050-1-1152x1536.jpg 1152w\" sizes=\"auto, (max-width: 1200px) 100vw, 1200px\" \/><button\n\t\t\tclass=\"lightbox-trigger\"\n\t\t\ttype=\"button\"\n\t\t\taria-haspopup=\"dialog\"\n\t\t\taria-label=\"Ingrandisci\"\n\t\t\tdata-wp-init=\"callbacks.initTriggerButton\"\n\t\t\tdata-wp-on--click=\"actions.showLightbox\"\n\t\t\tdata-wp-style--right=\"state.imageButtonRight\"\n\t\t\tdata-wp-style--top=\"state.imageButtonTop\"\n\t\t>\n\t\t\t<svg xmlns=\"http:\/\/www.w3.org\/2000\/svg\" width=\"12\" height=\"12\" fill=\"none\" viewBox=\"0 0 12 12\">\n\t\t\t\t<path fill=\"#fff\" d=\"M2 0a2 2 0 0 0-2 2v2h1.5V2a.5.5 0 0 1 .5-.5h2V0H2Zm2 10.5H2a.5.5 0 0 1-.5-.5V8H0v2a2 2 0 0 0 2 2h2v-1.5ZM8 12v-1.5h2a.5.5 0 0 0 .5-.5V8H12v2a2 2 0 0 1-2 2H8Zm2-12a2 2 0 0 1 2 2v2h-1.5V2a.5.5 0 0 0-.5-.5H8V0h2Z\" \/>\n\t\t\t<\/svg>\n\t\t<\/button><\/figure>\n\n\n\n<figure data-wp-context=\"{&quot;imageId&quot;:&quot;69e0ce7fef885&quot;}\" data-wp-interactive=\"core\/image\" data-wp-key=\"69e0ce7fef885\" class=\"wp-block-image size-full wp-lightbox-container\"><img loading=\"lazy\" decoding=\"async\" width=\"720\" height=\"480\" data-wp-class--hide=\"state.isContentHidden\" data-wp-class--show=\"state.isContentVisible\" data-wp-init=\"callbacks.setButtonStyles\" data-wp-on--click=\"actions.showLightbox\" data-wp-on--load=\"callbacks.setButtonStyles\" data-wp-on-window--resize=\"callbacks.setButtonStyles\" data-id=\"218\" src=\"https:\/\/pinatourskenya.com\/wp-content\/uploads\/2025\/07\/IMG-20250716-WA0037-1.jpg\" alt=\"\" class=\"wp-image-218\" srcset=\"https:\/\/pinatourskenya.com\/wp-content\/uploads\/2025\/07\/IMG-20250716-WA0037-1.jpg 720w, https:\/\/pinatourskenya.com\/wp-content\/uploads\/2025\/07\/IMG-20250716-WA0037-1-300x200.jpg 300w\" sizes=\"auto, (max-width: 720px) 100vw, 720px\" \/><button\n\t\t\tclass=\"lightbox-trigger\"\n\t\t\ttype=\"button\"\n\t\t\taria-haspopup=\"dialog\"\n\t\t\taria-label=\"Ingrandisci\"\n\t\t\tdata-wp-init=\"callbacks.initTriggerButton\"\n\t\t\tdata-wp-on--click=\"actions.showLightbox\"\n\t\t\tdata-wp-style--right=\"state.imageButtonRight\"\n\t\t\tdata-wp-style--top=\"state.imageButtonTop\"\n\t\t>\n\t\t\t<svg xmlns=\"http:\/\/www.w3.org\/2000\/svg\" width=\"12\" height=\"12\" fill=\"none\" viewBox=\"0 0 12 12\">\n\t\t\t\t<path fill=\"#fff\" d=\"M2 0a2 2 0 0 0-2 2v2h1.5V2a.5.5 0 0 1 .5-.5h2V0H2Zm2 10.5H2a.5.5 0 0 1-.5-.5V8H0v2a2 2 0 0 0 2 2h2v-1.5ZM8 12v-1.5h2a.5.5 0 0 0 .5-.5V8H12v2a2 2 0 0 1-2 2H8Zm2-12a2 2 0 0 1 2 2v2h-1.5V2a.5.5 0 0 0-.5-.5H8V0h2Z\" \/>\n\t\t\t<\/svg>\n\t\t<\/button><\/figure>\n\n\n\n<figure data-wp-context=\"{&quot;imageId&quot;:&quot;69e0ce7fefd2f&quot;}\" data-wp-interactive=\"core\/image\" data-wp-key=\"69e0ce7fefd2f\" class=\"wp-block-image size-full wp-lightbox-container\"><img loading=\"lazy\" decoding=\"async\" width=\"1200\" height=\"1600\" data-wp-class--hide=\"state.isContentHidden\" data-wp-class--show=\"state.isContentVisible\" data-wp-init=\"callbacks.setButtonStyles\" data-wp-on--click=\"actions.showLightbox\" data-wp-on--load=\"callbacks.setButtonStyles\" data-wp-on-window--resize=\"callbacks.setButtonStyles\" data-id=\"222\" src=\"https:\/\/pinatourskenya.com\/wp-content\/uploads\/2025\/07\/IMG-20250716-WA0047-1.jpg\" alt=\"\" class=\"wp-image-222\" srcset=\"https:\/\/pinatourskenya.com\/wp-content\/uploads\/2025\/07\/IMG-20250716-WA0047-1.jpg 1200w, https:\/\/pinatourskenya.com\/wp-content\/uploads\/2025\/07\/IMG-20250716-WA0047-1-225x300.jpg 225w, https:\/\/pinatourskenya.com\/wp-content\/uploads\/2025\/07\/IMG-20250716-WA0047-1-768x1024.jpg 768w, https:\/\/pinatourskenya.com\/wp-content\/uploads\/2025\/07\/IMG-20250716-WA0047-1-1152x1536.jpg 1152w\" sizes=\"auto, (max-width: 1200px) 100vw, 1200px\" \/><button\n\t\t\tclass=\"lightbox-trigger\"\n\t\t\ttype=\"button\"\n\t\t\taria-haspopup=\"dialog\"\n\t\t\taria-label=\"Ingrandisci\"\n\t\t\tdata-wp-init=\"callbacks.initTriggerButton\"\n\t\t\tdata-wp-on--click=\"actions.showLightbox\"\n\t\t\tdata-wp-style--right=\"state.imageButtonRight\"\n\t\t\tdata-wp-style--top=\"state.imageButtonTop\"\n\t\t>\n\t\t\t<svg xmlns=\"http:\/\/www.w3.org\/2000\/svg\" width=\"12\" height=\"12\" fill=\"none\" viewBox=\"0 0 12 12\">\n\t\t\t\t<path fill=\"#fff\" d=\"M2 0a2 2 0 0 0-2 2v2h1.5V2a.5.5 0 0 1 .5-.5h2V0H2Zm2 10.5H2a.5.5 0 0 1-.5-.5V8H0v2a2 2 0 0 0 2 2h2v-1.5ZM8 12v-1.5h2a.5.5 0 0 0 .5-.5V8H12v2a2 2 0 0 1-2 2H8Zm2-12a2 2 0 0 1 2 2v2h-1.5V2a.5.5 0 0 0-.5-.5H8V0h2Z\" \/>\n\t\t\t<\/svg>\n\t\t<\/button><\/figure>\n\n\n\n<figure data-wp-context=\"{&quot;imageId&quot;:&quot;69e0ce7ff01d6&quot;}\" data-wp-interactive=\"core\/image\" data-wp-key=\"69e0ce7ff01d6\" class=\"wp-block-image size-full wp-lightbox-container\"><img loading=\"lazy\" decoding=\"async\" width=\"540\" height=\"720\" data-wp-class--hide=\"state.isContentHidden\" data-wp-class--show=\"state.isContentVisible\" data-wp-init=\"callbacks.setButtonStyles\" data-wp-on--click=\"actions.showLightbox\" data-wp-on--load=\"callbacks.setButtonStyles\" data-wp-on-window--resize=\"callbacks.setButtonStyles\" data-id=\"211\" src=\"https:\/\/pinatourskenya.com\/wp-content\/uploads\/2025\/07\/IMG-20250716-WA0032-1.jpg\" alt=\"\" class=\"wp-image-211\" srcset=\"https:\/\/pinatourskenya.com\/wp-content\/uploads\/2025\/07\/IMG-20250716-WA0032-1.jpg 540w, https:\/\/pinatourskenya.com\/wp-content\/uploads\/2025\/07\/IMG-20250716-WA0032-1-225x300.jpg 225w\" sizes=\"auto, (max-width: 540px) 100vw, 540px\" \/><button\n\t\t\tclass=\"lightbox-trigger\"\n\t\t\ttype=\"button\"\n\t\t\taria-haspopup=\"dialog\"\n\t\t\taria-label=\"Ingrandisci\"\n\t\t\tdata-wp-init=\"callbacks.initTriggerButton\"\n\t\t\tdata-wp-on--click=\"actions.showLightbox\"\n\t\t\tdata-wp-style--right=\"state.imageButtonRight\"\n\t\t\tdata-wp-style--top=\"state.imageButtonTop\"\n\t\t>\n\t\t\t<svg xmlns=\"http:\/\/www.w3.org\/2000\/svg\" width=\"12\" height=\"12\" fill=\"none\" viewBox=\"0 0 12 12\">\n\t\t\t\t<path fill=\"#fff\" d=\"M2 0a2 2 0 0 0-2 2v2h1.5V2a.5.5 0 0 1 .5-.5h2V0H2Zm2 10.5H2a.5.5 0 0 1-.5-.5V8H0v2a2 2 0 0 0 2 2h2v-1.5ZM8 12v-1.5h2a.5.5 0 0 0 .5-.5V8H12v2a2 2 0 0 1-2 2H8Zm2-12a2 2 0 0 1 2 2v2h-1.5V2a.5.5 0 0 0-.5-.5H8V0h2Z\" \/>\n\t\t\t<\/svg>\n\t\t<\/button><\/figure>\n\n\n\n<figure class=\"wp-block-image size-full\"><img loading=\"lazy\" decoding=\"async\" width=\"720\" height=\"480\" data-id=\"648\" src=\"https:\/\/pinatourskenya.com\/wp-content\/uploads\/2025\/08\/WhatsApp-Image-2025-08-18-at-15.42.19.jpeg\" alt=\"\" class=\"wp-image-648\" srcset=\"https:\/\/pinatourskenya.com\/wp-content\/uploads\/2025\/08\/WhatsApp-Image-2025-08-18-at-15.42.19.jpeg 720w, https:\/\/pinatourskenya.com\/wp-content\/uploads\/2025\/08\/WhatsApp-Image-2025-08-18-at-15.42.19-300x200.jpeg 300w\" sizes=\"auto, (max-width: 720px) 100vw, 720px\" \/><\/figure>\n\n\n\n<figure data-wp-context=\"{&quot;imageId&quot;:&quot;69e0ce7ff0789&quot;}\" data-wp-interactive=\"core\/image\" data-wp-key=\"69e0ce7ff0789\" class=\"wp-block-image size-full wp-lightbox-container\"><img loading=\"lazy\" decoding=\"async\" width=\"960\" height=\"720\" data-wp-class--hide=\"state.isContentHidden\" data-wp-class--show=\"state.isContentVisible\" data-wp-init=\"callbacks.setButtonStyles\" data-wp-on--click=\"actions.showLightbox\" data-wp-on--load=\"callbacks.setButtonStyles\" data-wp-on-window--resize=\"callbacks.setButtonStyles\" data-id=\"653\" src=\"https:\/\/pinatourskenya.com\/wp-content\/uploads\/2025\/08\/WhatsApp-Image-2025-07-17-at-19.51.04.jpeg\" alt=\"\" class=\"wp-image-653\" srcset=\"https:\/\/pinatourskenya.com\/wp-content\/uploads\/2025\/08\/WhatsApp-Image-2025-07-17-at-19.51.04.jpeg 960w, https:\/\/pinatourskenya.com\/wp-content\/uploads\/2025\/08\/WhatsApp-Image-2025-07-17-at-19.51.04-300x225.jpeg 300w, https:\/\/pinatourskenya.com\/wp-content\/uploads\/2025\/08\/WhatsApp-Image-2025-07-17-at-19.51.04-768x576.jpeg 768w\" sizes=\"auto, (max-width: 960px) 100vw, 960px\" \/><button\n\t\t\tclass=\"lightbox-trigger\"\n\t\t\ttype=\"button\"\n\t\t\taria-haspopup=\"dialog\"\n\t\t\taria-label=\"Ingrandisci\"\n\t\t\tdata-wp-init=\"callbacks.initTriggerButton\"\n\t\t\tdata-wp-on--click=\"actions.showLightbox\"\n\t\t\tdata-wp-style--right=\"state.imageButtonRight\"\n\t\t\tdata-wp-style--top=\"state.imageButtonTop\"\n\t\t>\n\t\t\t<svg xmlns=\"http:\/\/www.w3.org\/2000\/svg\" width=\"12\" height=\"12\" fill=\"none\" viewBox=\"0 0 12 12\">\n\t\t\t\t<path fill=\"#fff\" d=\"M2 0a2 2 0 0 0-2 2v2h1.5V2a.5.5 0 0 1 .5-.5h2V0H2Zm2 10.5H2a.5.5 0 0 1-.5-.5V8H0v2a2 2 0 0 0 2 2h2v-1.5ZM8 12v-1.5h2a.5.5 0 0 0 .5-.5V8H12v2a2 2 0 0 1-2 2H8Zm2-12a2 2 0 0 1 2 2v2h-1.5V2a.5.5 0 0 0-.5-.5H8V0h2Z\" \/>\n\t\t\t<\/svg>\n\t\t<\/button><\/figure>\n\n\n\n<figure data-wp-context=\"{&quot;imageId&quot;:&quot;69e0ce7ff0e28&quot;}\" data-wp-interactive=\"core\/image\" data-wp-key=\"69e0ce7ff0e28\" class=\"wp-block-image size-full wp-lightbox-container\"><img loading=\"lazy\" decoding=\"async\" width=\"720\" height=\"960\" data-wp-class--hide=\"state.isContentHidden\" data-wp-class--show=\"state.isContentVisible\" data-wp-init=\"callbacks.setButtonStyles\" data-wp-on--click=\"actions.showLightbox\" data-wp-on--load=\"callbacks.setButtonStyles\" data-wp-on-window--resize=\"callbacks.setButtonStyles\" data-id=\"657\" src=\"https:\/\/pinatourskenya.com\/wp-content\/uploads\/2025\/08\/WhatsApp-Image-2025-08-18-at-15.42.25.jpeg\" alt=\"\" class=\"wp-image-657\" srcset=\"https:\/\/pinatourskenya.com\/wp-content\/uploads\/2025\/08\/WhatsApp-Image-2025-08-18-at-15.42.25.jpeg 720w, https:\/\/pinatourskenya.com\/wp-content\/uploads\/2025\/08\/WhatsApp-Image-2025-08-18-at-15.42.25-225x300.jpeg 225w\" sizes=\"auto, (max-width: 720px) 100vw, 720px\" \/><button\n\t\t\tclass=\"lightbox-trigger\"\n\t\t\ttype=\"button\"\n\t\t\taria-haspopup=\"dialog\"\n\t\t\taria-label=\"Ingrandisci\"\n\t\t\tdata-wp-init=\"callbacks.initTriggerButton\"\n\t\t\tdata-wp-on--click=\"actions.showLightbox\"\n\t\t\tdata-wp-style--right=\"state.imageButtonRight\"\n\t\t\tdata-wp-style--top=\"state.imageButtonTop\"\n\t\t>\n\t\t\t<svg xmlns=\"http:\/\/www.w3.org\/2000\/svg\" width=\"12\" height=\"12\" fill=\"none\" viewBox=\"0 0 12 12\">\n\t\t\t\t<path fill=\"#fff\" d=\"M2 0a2 2 0 0 0-2 2v2h1.5V2a.5.5 0 0 1 .5-.5h2V0H2Zm2 10.5H2a.5.5 0 0 1-.5-.5V8H0v2a2 2 0 0 0 2 2h2v-1.5ZM8 12v-1.5h2a.5.5 0 0 0 .5-.5V8H12v2a2 2 0 0 1-2 2H8Zm2-12a2 2 0 0 1 2 2v2h-1.5V2a.5.5 0 0 0-.5-.5H8V0h2Z\" \/>\n\t\t\t<\/svg>\n\t\t<\/button><\/figure>\n\n\n\n<figure data-wp-context=\"{&quot;imageId&quot;:&quot;69e0ce7ff1433&quot;}\" data-wp-interactive=\"core\/image\" data-wp-key=\"69e0ce7ff1433\" class=\"wp-block-image size-full wp-lightbox-container\"><img loading=\"lazy\" decoding=\"async\" width=\"720\" height=\"660\" data-wp-class--hide=\"state.isContentHidden\" data-wp-class--show=\"state.isContentVisible\" data-wp-init=\"callbacks.setButtonStyles\" data-wp-on--click=\"actions.showLightbox\" data-wp-on--load=\"callbacks.setButtonStyles\" data-wp-on-window--resize=\"callbacks.setButtonStyles\" data-id=\"209\" src=\"https:\/\/pinatourskenya.com\/wp-content\/uploads\/2025\/07\/IMG-20250716-WA0031-1.jpg\" alt=\"\" class=\"wp-image-209\" srcset=\"https:\/\/pinatourskenya.com\/wp-content\/uploads\/2025\/07\/IMG-20250716-WA0031-1.jpg 720w, https:\/\/pinatourskenya.com\/wp-content\/uploads\/2025\/07\/IMG-20250716-WA0031-1-300x275.jpg 300w\" sizes=\"auto, (max-width: 720px) 100vw, 720px\" \/><button\n\t\t\tclass=\"lightbox-trigger\"\n\t\t\ttype=\"button\"\n\t\t\taria-haspopup=\"dialog\"\n\t\t\taria-label=\"Ingrandisci\"\n\t\t\tdata-wp-init=\"callbacks.initTriggerButton\"\n\t\t\tdata-wp-on--click=\"actions.showLightbox\"\n\t\t\tdata-wp-style--right=\"state.imageButtonRight\"\n\t\t\tdata-wp-style--top=\"state.imageButtonTop\"\n\t\t>\n\t\t\t<svg xmlns=\"http:\/\/www.w3.org\/2000\/svg\" width=\"12\" height=\"12\" fill=\"none\" viewBox=\"0 0 12 12\">\n\t\t\t\t<path fill=\"#fff\" d=\"M2 0a2 2 0 0 0-2 2v2h1.5V2a.5.5 0 0 1 .5-.5h2V0H2Zm2 10.5H2a.5.5 0 0 1-.5-.5V8H0v2a2 2 0 0 0 2 2h2v-1.5ZM8 12v-1.5h2a.5.5 0 0 0 .5-.5V8H12v2a2 2 0 0 1-2 2H8Zm2-12a2 2 0 0 1 2 2v2h-1.5V2a.5.5 0 0 0-.5-.5H8V0h2Z\" \/>\n\t\t\t<\/svg>\n\t\t<\/button><\/figure>\n\n\n\n<figure data-wp-context=\"{&quot;imageId&quot;:&quot;69e0ce7ff1907&quot;}\" data-wp-interactive=\"core\/image\" data-wp-key=\"69e0ce7ff1907\" class=\"wp-block-image size-full wp-lightbox-container\"><img loading=\"lazy\" decoding=\"async\" width=\"720\" height=\"960\" data-wp-class--hide=\"state.isContentHidden\" data-wp-class--show=\"state.isContentVisible\" data-wp-init=\"callbacks.setButtonStyles\" data-wp-on--click=\"actions.showLightbox\" data-wp-on--load=\"callbacks.setButtonStyles\" data-wp-on-window--resize=\"callbacks.setButtonStyles\" data-id=\"650\" src=\"https:\/\/pinatourskenya.com\/wp-content\/uploads\/2025\/08\/WhatsApp-Image-2025-08-18-at-15.42.15.jpeg\" alt=\"\" class=\"wp-image-650\" srcset=\"https:\/\/pinatourskenya.com\/wp-content\/uploads\/2025\/08\/WhatsApp-Image-2025-08-18-at-15.42.15.jpeg 720w, https:\/\/pinatourskenya.com\/wp-content\/uploads\/2025\/08\/WhatsApp-Image-2025-08-18-at-15.42.15-225x300.jpeg 225w\" sizes=\"auto, (max-width: 720px) 100vw, 720px\" \/><button\n\t\t\tclass=\"lightbox-trigger\"\n\t\t\ttype=\"button\"\n\t\t\taria-haspopup=\"dialog\"\n\t\t\taria-label=\"Ingrandisci\"\n\t\t\tdata-wp-init=\"callbacks.initTriggerButton\"\n\t\t\tdata-wp-on--click=\"actions.showLightbox\"\n\t\t\tdata-wp-style--right=\"state.imageButtonRight\"\n\t\t\tdata-wp-style--top=\"state.imageButtonTop\"\n\t\t>\n\t\t\t<svg xmlns=\"http:\/\/www.w3.org\/2000\/svg\" width=\"12\" height=\"12\" fill=\"none\" viewBox=\"0 0 12 12\">\n\t\t\t\t<path fill=\"#fff\" d=\"M2 0a2 2 0 0 0-2 2v2h1.5V2a.5.5 0 0 1 .5-.5h2V0H2Zm2 10.5H2a.5.5 0 0 1-.5-.5V8H0v2a2 2 0 0 0 2 2h2v-1.5ZM8 12v-1.5h2a.5.5 0 0 0 .5-.5V8H12v2a2 2 0 0 1-2 2H8Zm2-12a2 2 0 0 1 2 2v2h-1.5V2a.5.5 0 0 0-.5-.5H8V0h2Z\" \/>\n\t\t\t<\/svg>\n\t\t<\/button><\/figure>\n\n\n\n<figure data-wp-context=\"{&quot;imageId&quot;:&quot;69e0ce7ff1dbe&quot;}\" data-wp-interactive=\"core\/image\" data-wp-key=\"69e0ce7ff1dbe\" class=\"wp-block-image size-full wp-lightbox-container\"><img loading=\"lazy\" decoding=\"async\" width=\"1280\" height=\"958\" data-wp-class--hide=\"state.isContentHidden\" data-wp-class--show=\"state.isContentVisible\" data-wp-init=\"callbacks.setButtonStyles\" data-wp-on--click=\"actions.showLightbox\" data-wp-on--load=\"callbacks.setButtonStyles\" data-wp-on-window--resize=\"callbacks.setButtonStyles\" data-id=\"649\" src=\"https:\/\/pinatourskenya.com\/wp-content\/uploads\/2025\/08\/WhatsApp-Image-2025-07-17-at-19.51.05.jpeg\" alt=\"\" class=\"wp-image-649\" srcset=\"https:\/\/pinatourskenya.com\/wp-content\/uploads\/2025\/08\/WhatsApp-Image-2025-07-17-at-19.51.05.jpeg 1280w, https:\/\/pinatourskenya.com\/wp-content\/uploads\/2025\/08\/WhatsApp-Image-2025-07-17-at-19.51.05-300x225.jpeg 300w, https:\/\/pinatourskenya.com\/wp-content\/uploads\/2025\/08\/WhatsApp-Image-2025-07-17-at-19.51.05-1024x766.jpeg 1024w, https:\/\/pinatourskenya.com\/wp-content\/uploads\/2025\/08\/WhatsApp-Image-2025-07-17-at-19.51.05-768x575.jpeg 768w\" sizes=\"auto, (max-width: 1280px) 100vw, 1280px\" \/><button\n\t\t\tclass=\"lightbox-trigger\"\n\t\t\ttype=\"button\"\n\t\t\taria-haspopup=\"dialog\"\n\t\t\taria-label=\"Ingrandisci\"\n\t\t\tdata-wp-init=\"callbacks.initTriggerButton\"\n\t\t\tdata-wp-on--click=\"actions.showLightbox\"\n\t\t\tdata-wp-style--right=\"state.imageButtonRight\"\n\t\t\tdata-wp-style--top=\"state.imageButtonTop\"\n\t\t>\n\t\t\t<svg xmlns=\"http:\/\/www.w3.org\/2000\/svg\" width=\"12\" height=\"12\" fill=\"none\" viewBox=\"0 0 12 12\">\n\t\t\t\t<path fill=\"#fff\" d=\"M2 0a2 2 0 0 0-2 2v2h1.5V2a.5.5 0 0 1 .5-.5h2V0H2Zm2 10.5H2a.5.5 0 0 1-.5-.5V8H0v2a2 2 0 0 0 2 2h2v-1.5ZM8 12v-1.5h2a.5.5 0 0 0 .5-.5V8H12v2a2 2 0 0 1-2 2H8Zm2-12a2 2 0 0 1 2 2v2h-1.5V2a.5.5 0 0 0-.5-.5H8V0h2Z\" \/>\n\t\t\t<\/svg>\n\t\t<\/button><\/figure>\n\n\n\n<figure data-wp-context=\"{&quot;imageId&quot;:&quot;69e0ce7ff220c&quot;}\" data-wp-interactive=\"core\/image\" data-wp-key=\"69e0ce7ff220c\" class=\"wp-block-image size-full wp-lightbox-container\"><img loading=\"lazy\" decoding=\"async\" width=\"720\" height=\"900\" data-wp-class--hide=\"state.isContentHidden\" data-wp-class--show=\"state.isContentVisible\" data-wp-init=\"callbacks.setButtonStyles\" data-wp-on--click=\"actions.showLightbox\" data-wp-on--load=\"callbacks.setButtonStyles\" data-wp-on-window--resize=\"callbacks.setButtonStyles\" data-id=\"651\" src=\"https:\/\/pinatourskenya.com\/wp-content\/uploads\/2025\/08\/WhatsApp-Image-2025-08-18-at-15.42.29.jpeg\" alt=\"\" class=\"wp-image-651\" srcset=\"https:\/\/pinatourskenya.com\/wp-content\/uploads\/2025\/08\/WhatsApp-Image-2025-08-18-at-15.42.29.jpeg 720w, https:\/\/pinatourskenya.com\/wp-content\/uploads\/2025\/08\/WhatsApp-Image-2025-08-18-at-15.42.29-240x300.jpeg 240w\" sizes=\"auto, (max-width: 720px) 100vw, 720px\" \/><button\n\t\t\tclass=\"lightbox-trigger\"\n\t\t\ttype=\"button\"\n\t\t\taria-haspopup=\"dialog\"\n\t\t\taria-label=\"Ingrandisci\"\n\t\t\tdata-wp-init=\"callbacks.initTriggerButton\"\n\t\t\tdata-wp-on--click=\"actions.showLightbox\"\n\t\t\tdata-wp-style--right=\"state.imageButtonRight\"\n\t\t\tdata-wp-style--top=\"state.imageButtonTop\"\n\t\t>\n\t\t\t<svg xmlns=\"http:\/\/www.w3.org\/2000\/svg\" width=\"12\" height=\"12\" fill=\"none\" viewBox=\"0 0 12 12\">\n\t\t\t\t<path fill=\"#fff\" d=\"M2 0a2 2 0 0 0-2 2v2h1.5V2a.5.5 0 0 1 .5-.5h2V0H2Zm2 10.5H2a.5.5 0 0 1-.5-.5V8H0v2a2 2 0 0 0 2 2h2v-1.5ZM8 12v-1.5h2a.5.5 0 0 0 .5-.5V8H12v2a2 2 0 0 1-2 2H8Zm2-12a2 2 0 0 1 2 2v2h-1.5V2a.5.5 0 0 0-.5-.5H8V0h2Z\" \/>\n\t\t\t<\/svg>\n\t\t<\/button><\/figure>\n\n\n\n<figure data-wp-context=\"{&quot;imageId&quot;:&quot;69e0ce7ff2694&quot;}\" data-wp-interactive=\"core\/image\" data-wp-key=\"69e0ce7ff2694\" class=\"wp-block-image size-full wp-lightbox-container\"><img loading=\"lazy\" decoding=\"async\" width=\"720\" height=\"539\" data-wp-class--hide=\"state.isContentHidden\" data-wp-class--show=\"state.isContentVisible\" data-wp-init=\"callbacks.setButtonStyles\" data-wp-on--click=\"actions.showLightbox\" data-wp-on--load=\"callbacks.setButtonStyles\" data-wp-on-window--resize=\"callbacks.setButtonStyles\" data-id=\"652\" src=\"https:\/\/pinatourskenya.com\/wp-content\/uploads\/2025\/08\/WhatsApp-Image-2025-08-18-at-15.42.20.jpeg\" alt=\"\" class=\"wp-image-652\" srcset=\"https:\/\/pinatourskenya.com\/wp-content\/uploads\/2025\/08\/WhatsApp-Image-2025-08-18-at-15.42.20.jpeg 720w, https:\/\/pinatourskenya.com\/wp-content\/uploads\/2025\/08\/WhatsApp-Image-2025-08-18-at-15.42.20-300x225.jpeg 300w\" sizes=\"auto, (max-width: 720px) 100vw, 720px\" \/><button\n\t\t\tclass=\"lightbox-trigger\"\n\t\t\ttype=\"button\"\n\t\t\taria-haspopup=\"dialog\"\n\t\t\taria-label=\"Ingrandisci\"\n\t\t\tdata-wp-init=\"callbacks.initTriggerButton\"\n\t\t\tdata-wp-on--click=\"actions.showLightbox\"\n\t\t\tdata-wp-style--right=\"state.imageButtonRight\"\n\t\t\tdata-wp-style--top=\"state.imageButtonTop\"\n\t\t>\n\t\t\t<svg xmlns=\"http:\/\/www.w3.org\/2000\/svg\" width=\"12\" height=\"12\" fill=\"none\" viewBox=\"0 0 12 12\">\n\t\t\t\t<path fill=\"#fff\" d=\"M2 0a2 2 0 0 0-2 2v2h1.5V2a.5.5 0 0 1 .5-.5h2V0H2Zm2 10.5H2a.5.5 0 0 1-.5-.5V8H0v2a2 2 0 0 0 2 2h2v-1.5ZM8 12v-1.5h2a.5.5 0 0 0 .5-.5V8H12v2a2 2 0 0 1-2 2H8Zm2-12a2 2 0 0 1 2 2v2h-1.5V2a.5.5 0 0 0-.5-.5H8V0h2Z\" \/>\n\t\t\t<\/svg>\n\t\t<\/button><\/figure>\n<\/figure>\n\n\n\n<p>Ecco cosa puoi aspettarti:<\/p>\n\n\n\n<h3 class=\"wp-block-heading\">\ud83c\udf33 <strong>Dove si fa il safari<\/strong><\/h3>\n\n\n\n<ul class=\"wp-block-list\">\n<li><strong>Taita Hills Wildlife Sanctuary<\/strong>: una riserva privata di circa 110 km\u00b2, confinante con lo Tsavo Ovest, famosa per i lodge panoramici.<\/li>\n\n\n\n<li><strong>Tsavo Est e Ovest<\/strong>: facilmente raggiungibili dalle Taita Hills, sono tra i parchi pi\u00f9 grandi e selvaggi del Kenya.<\/li>\n<\/ul>\n\n\n\n<h3 class=\"wp-block-heading\">\ud83e\udd81 <strong>Fauna che si pu\u00f2 incontrare<\/strong><\/h3>\n\n\n\n<ul class=\"wp-block-list\">\n<li>Elefanti (molto presenti, spesso con la tipica polvere rossa dello Tsavo).<\/li>\n\n\n\n<li>Leoni, bufali, giraffe, zebre, antilopi.<\/li>\n\n\n\n<li>Numerose specie di uccelli, alcune endemiche delle colline.<\/li>\n<\/ul>\n\n\n\n<h3 class=\"wp-block-heading\">\ud83c\udfde\ufe0f <strong>Paesaggi<\/strong><\/h3>\n\n\n\n<ul class=\"wp-block-list\">\n<li>A differenza delle pianure tipiche dei safari, qui hai colline verdi, foreste montane e vallate spettacolari.<\/li>\n\n\n\n<li>I panorami dall\u2019alto delle Taita Hills sono mozzafiato, soprattutto al tramonto.<\/li>\n<\/ul>\n\n\n\n<h3 class=\"wp-block-heading\">\ud83d\uded6 <strong>Esperienza culturale<\/strong><\/h3>\n\n\n\n<ul class=\"wp-block-list\">\n<li>Oltre al safari, \u00e8 possibile visitare i villaggi Taita per scoprire tradizioni, musica e danze locali.<\/li>\n\n\n\n<li>Alcuni tour combinano la parte naturalistica con quella culturale.<\/li>\n<\/ul>\n\n\n\n<h3 class=\"wp-block-heading\">\ud83d\udecc <strong>Alloggi particolari<\/strong><\/h3>\n\n\n\n<ul class=\"wp-block-list\">\n<li>I lodge pi\u00f9 noti sono <strong>Salt Lick Safari Lodge<\/strong> (camere costruite su palafitte, con vista su una pozza d\u2019acqua dove arrivano gli animali) e <strong>Taita Hills Safari Resort &amp; Spa<\/strong>, che offre un mix tra comfort e vicinanza alla natura.<\/li>\n<\/ul>\n\n\n\n<div style=\"height:39px\" aria-hidden=\"true\" class=\"wp-block-spacer\"><\/div>\n\n\n\n<div class=\"wp-block-buttons is-content-justification-center is-layout-flex wp-container-core-buttons-is-layout-16018d1d wp-block-buttons-is-layout-flex\">\n<div class=\"wp-block-button\"><a class=\"wp-block-button__link wp-element-button\">VEDI L&#8217;OFFERTA<\/a><\/div>\n\n\n\n<div class=\"wp-block-button\"><a class=\"wp-block-button__link wp-element-button\" href=\"https:\/\/pinatourskenya.com\/index.php\/contatti\/\">RICHEDI INFO<\/a><\/div>\n<\/div>\n\n\n\n\n","protected":false},"excerpt":{"rendered":"<p>Taita Hills Fare un safari alle Taita Hills \u00e8 un\u2019esperienza diversa rispetto ai classici parchi del Kenya come Amboseli o Masai Mara, perch\u00e9 qui natura, paesaggio montano e cultura locale si intrecciano. \ud83c\udf0d\ud83e\udd93 Taita Hills offre viste panoramiche mozzafiato e infinite pianure di savana, ed \u00e8 meno affollato, offrendo un&#8217;esperienza di safari pi\u00f9 intima e [&hellip;]<\/p>\n","protected":false},"author":1,"featured_media":0,"parent":0,"menu_order":0,"comment_status":"closed","ping_status":"closed","template":"","meta":{"footnotes":""},"class_list":["post-1022","page","type-page","status-publish","hentry","travel-monster-post","no-post-thumbnail","latest_post"],"_links":{"self":[{"href":"https:\/\/pinatourskenya.com\/index.php\/wp-json\/wp\/v2\/pages\/1022","targetHints":{"allow":["GET"]}}],"collection":[{"href":"https:\/\/pinatourskenya.com\/index.php\/wp-json\/wp\/v2\/pages"}],"about":[{"href":"https:\/\/pinatourskenya.com\/index.php\/wp-json\/wp\/v2\/types\/page"}],"author":[{"embeddable":true,"href":"https:\/\/pinatourskenya.com\/index.php\/wp-json\/wp\/v2\/users\/1"}],"replies":[{"embeddable":true,"href":"https:\/\/pinatourskenya.com\/index.php\/wp-json\/wp\/v2\/comments?post=1022"}],"version-history":[{"count":5,"href":"https:\/\/pinatourskenya.com\/index.php\/wp-json\/wp\/v2\/pages\/1022\/revisions"}],"predecessor-version":[{"id":1046,"href":"https:\/\/pinatourskenya.com\/index.php\/wp-json\/wp\/v2\/pages\/1022\/revisions\/1046"}],"wp:attachment":[{"href":"https:\/\/pinatourskenya.com\/index.php\/wp-json\/wp\/v2\/media?parent=1022"}],"curies":[{"name":"wp","href":"https:\/\/api.w.org\/{rel}","templated":true}]}}